{"id":7795,"date":"2019-11-26T11:53:51","date_gmt":"2019-11-26T11:53:51","guid":{"rendered":"http:\/\/tandemprint.com\/prius\/?page_id=7795"},"modified":"2019-11-26T15:42:38","modified_gmt":"2019-11-26T15:42:38","slug":"oikeudellinen-ilmoitus-ja-yksityisyyspolitiikka","status":"publish","type":"page","link":"https:\/\/www.priusabogados.es\/fi\/oikeudellinen-ilmoitus-ja-yksityisyyspolitiikka\/","title":{"rendered":"OIKEUDELLINEN HUOMAUTUS JA TIETOJEN SUOJAAMINEN"},"content":{"rendered":"<section class=\"l-section wpb_row height_huge with_img parallax_hor bgwidth_110\"><div class=\"l-section-img\" style=\"background-image: url(https:\/\/www.priusabogados.es\/wp-content\/uploads\/2019\/10\/Aviso-legal.jpg);\" data-img-width=\"1920\" data-img-height=\"1280\"><\/div><div class=\"l-section-h i-cf\"><div class=\"g-cols vc_row type_default valign_top\"><div class=\"vc_col-sm-12 wpb_column vc_column_container\"><div class=\"vc_column-inner\"><div class=\"wpb_wrapper\">[vc_custom_heading text=&#8221;Oikeudellinen huomautus ja tietojen suojaaminen&#8221; font_container=&#8221;tag:h2|font_size:70px|text_align:center|color:%23d7b56d&#8221; google_fonts=&#8221;font_family:Pinyon%20Script%3Aregular|font_style:400%20regular%3A400%3Anormal&#8221;]\r\n\t<div class=\"wpb_text_column \">\r\n\t\t<div class=\"wpb_wrapper\">\r\n\t\t\t<h5 style=\"text-align: center;\"><span style=\"font-size: 13.5pt; color: #ffffff;\">Oikeudelliset tiedot ja ehtojen hyv\u00e4ksyminen.<\/span><\/h5>\n\r\n\t\t<\/div>\r\n\t<\/div>\r\n<div class=\"w-separator size_small\"><\/div><div class=\"w-iconbox iconpos_top style_default color_custom align_center no_title no_text\"><div class=\"w-iconbox-icon\" style=\"color:#ffffff;\"><i class=\"far fa-chevron-down\"><\/i><\/div><div class=\"w-iconbox-meta\"><\/div><\/div><\/div><\/div><\/div><\/div><\/div><\/section><section class=\"l-section wpb_row height_medium\"><div class=\"l-section-h i-cf\"><div class=\"g-cols vc_row type_default valign_top\"><div class=\"vc_col-sm-12 wpb_column vc_column_container\"><div class=\"vc_column-inner\"><div class=\"wpb_wrapper\">\r\n\t<div class=\"wpb_text_column \">\r\n\t\t<div class=\"wpb_wrapper\">\r\n\t\t\t<p style=\"padding-left: 40px;\"><strong>I. Oikeudelliset tiedot ja ehtojen hyv\u00e4ksyminen.<\/strong><\/p>\n<p>Tietoyhteiskuntaa ja s\u00e4hk\u00f6ist\u00e4 kaupank\u00e4ynti\u00e4 koskevan lain 34\/2002, artiklan 10, 11 hein\u00e4kuuta, m\u00e4\u00e4r\u00e4\u00e4m\u00e4ll\u00e4 tavalla annamme tietoonne seuraavat yrityst\u00e4mme koskevat tiedot.<\/p>\n<p><strong>Yrityssertifikaatti:<\/strong> PRIUS ABOGADOS, S.L..<br \/>\n<strong>Kaupparekisteritiedot:<\/strong> Ote 2.558, Kirja 1471, Arkki 204, Asiapaperi MA-42.533.<br \/>\n<strong>Verotunniste:<\/strong> B-92138486<br \/>\n<strong>Toimipaikka:<\/strong> Avda Jes\u00fas Santos Re\u00edn, 2, Edif. Ofisol, 29640 &#8211; Fuengirola (M\u00e1laga)<br \/>\n<strong>S\u00e4hk\u00f6posti:<\/strong> priusabogados@priusabogados.es<br \/>\n<strong>Puhelinnumero:<\/strong> 952 467853<br \/>\n<strong>Faksi:<\/strong> 901 706075<\/p>\n<p>N\u00e4m\u00e4 verkkosivut (www.priusabogados.es) on luotu yrityksen toimesta PRIUS ABOGADOS, S.L. tiedonsaantitarkoitukseen ja k\u00e4ytt\u00e4jien yksityisk\u00e4ytt\u00f6\u00f6n. Alla luetellut lailliset ja k\u00e4ytt\u00f6ehdot on tarkoitettu huomioonotettavaksi ennen verkkosivujen k\u00e4ytt\u00f6\u00e4, siten ett\u00e4 sivustoa k\u00e4ytet\u00e4\u00e4n tarkoituksenmukaisesti sek\u00e4 niiden toimesta joille se on tarkoitettu, Tuoden esille samalla verkkosivujen k\u00e4ytt\u00e4jien sek\u00e4 yll\u00e4pit\u00e4j\u00e4n vastuut.. K\u00e4ytt\u00e4m\u00e4ll\u00e4 t\u00e4t\u00e4 sivustoa hyv\u00e4ksyt seuraavat ehdot.<\/p>\n<p>Verkkosivuilla vierailu on yksinomaan k\u00e4ytt\u00e4jien omalla vastuulla.<\/p>\n<p>Pelkk\u00e4 verkkosivuilla vierailu ei tarkoita mink\u00e4\u00e4n tyyppisen taloudellisen siteen solmimista PRIUS ABOGADOS, S.L. ja k\u00e4ytt\u00e4j\u00e4n v\u00e4lille.<\/p>\n<p>Avaamalla ja selaamalla n\u00e4it\u00e4 verkkosivuja hyv\u00e4ksyt ja ymm\u00e4rr\u00e4t n\u00e4m\u00e4 k\u00e4ytt\u00f6\u00f6n liittyv\u00e4t lailliset n\u00e4k\u00f6kohdat, ehdot, ja edellytykset.<\/p>\n<p>Yleiset k\u00e4ytt\u00f6ehdot.<\/p>\n<p>Sivustojen k\u00e4ytt\u00e4j\u00e4 hyv\u00e4ksyy k\u00e4ytt\u00e4m\u00e4\u00e4n sivustoa lain sek\u00e4 k\u00e4sill\u00e4 olevan oikeudellisten ehtojen ja yksityisyytt\u00e4 koskevien m\u00e4\u00e4r\u00e4ysten mukaisesti. K\u00e4ytt\u00e4j\u00e4 vastaa kaikista ehtojen rikkomisesta syntyvist\u00e4 haitoista PRIUS ABOGADOS, S.L tai kolmansille osapuolille.<\/p>\n<p>Verkko-portaalin k\u00e4ytt\u00f6 PRIUS ABOGADOS, S.L:\u00e4\u00e4 tai kolmansia osapuolia vahingoittaviin tai haitallisiin tarkoituksiin on ehdottoman kielletty\u00e4. Samoin kaikki PRIUS ABOGADOS, S.L:\u00e4\u00e4 tai kolmansia osapuolia vahingoittava k\u00e4ytt\u00f6, kuten ylikuormittaminen, vahingoittaiminen tai toimintakyvytt\u00f6myyden aiheuttaminen verkolle, servereille, palveluille tai muille tieto- ja viestint\u00e4teknisille laitteille (laitteisto ja ohjelmisto).<\/p>\n<p>Kiinte\u00e4 ja immateriaalinen omaisuus.<\/p>\n<p>Kaikki verkko-portaalin sis\u00e4lt\u00f6, joita ovat muun muassa mutta ei pelk\u00e4st\u00e4\u00e4n, tekstit, valokuvat, grafiikka, kuvat, ikonit, teknologia, ohjelmisto, linkit ja muu sis\u00e4lt\u00f6 niin audiovisuaalinen ja \u00e4\u00e4net, sek\u00e4 my\u00f6s graaffinen ulkoasu ja koodit (edell\u00e4, los &#8220;Sis\u00e4lt\u00f6&#8221;), ovat yksinomaan PRIUS ABOGADOS, S.L:n tai kolmansien osapuolien omaisuutta, Tekij\u00e4noikeuslajin nojalla sivuston k\u00e4ytt\u00e4jill\u00e4 ei ole oikeutta t\u00e4h\u00e4n omaisuuteen, sivuston k\u00e4ytt\u00e4j\u00e4t saavat k\u00e4ytt\u00e4\u00e4 edell\u00e4 mainittuja ainoastaan sivustolla vierailemiseen.<\/p>\n<p>T\u00e4ten my\u00f6s kaikki sis\u00e4lt\u00f6jen kopiointi, muuttaminen, jako, julkinen tiedottaminen, esille asettaminen, vienti ja poistaminen, uudelleen k\u00e4ytt\u00e4minen, uudelleen l\u00e4hett\u00e4minen sek\u00e4 lis\u00e4ksi kaikki muunlainen tekij\u00e4noikeuksia rikkova toiminta on ehdottoman kielletty\u00e4 k\u00e4ytt\u00e4jille, paitsi tapauksissa jossa laki tai tekij\u00e4t antavat siihen luvan.<\/p>\n<p>Tavaramerkit, kauppanimitykset tai muut erottavat tunnukset ovat PRIUS ABOGADOS, S.L.:n tai kolmansien osapuolien omaisuutta. Verkkoportaalin k\u00e4ytt\u00f6 ei anna mink\u00e4\u00e4nlaisia oikeuksia edell\u00e4mainittuihin tavaramerkkeihin, kauppanimityksiin tai muihin erottaviin tunnuksiin.<\/p>\n<p>K\u00e4ytt\u00e4j\u00e4 saa katsoa sek\u00e4 ottaa sis\u00e4ll\u00f6st\u00e4 v\u00e4liaikaisesti kopion itselleen henkil\u00f6kohtaiseen k\u00e4ytt\u00f6\u00f6n omaan tieto- ja viestint\u00e4tekniseen laitteeseensa, (ohjelmisto ja laitteisto), aina kun kyseess\u00e4 ei ole kaupalliset tai ammatilliset tarkoitukset.<\/p>\n<p>Henkil\u00f6tietojen suojaaminen ja digitaalisten oikeuksien turvaaminen<\/p>\n<p>Henkil\u00f6tietojen suojaamiseksi ja digitaalisten oikeuksien turvaamista koskevan lain (L.O. 3\/2018, 5. Joulukuuta) mukaisesti yhteydenotto-kaavakkeen kautta ker\u00e4tyt tiedot k\u00e4sitell\u00e4\u00e4n PRIUS ABOGADOS, S.L.:n toimesta luottamuksellisesti, tiedot tallennetaan PRIUS ABOGADOS, S.L:n tietokantaan yleisten tietosuoaja-asetusten mukaisesti ja niit\u00e4 k\u00e4ytet\u00e4\u00e4n ainoastaan m\u00e4\u00e4r\u00e4ttyyn k\u00e4ytt\u00f6tarkoitukseen, asiakkaan kysymykseen vastaamiseen tai palvelujen tarjoamiseen asiakkaalle PRIUS ABOGADOS, S.L.<\/p>\n<p>Sivuston k\u00e4ytt\u00e4j\u00e4 on tietoinen siit\u00e4 ett\u00e4 h\u00e4nen tietojaan voidaan k\u00e4ytt\u00e4\u00e4 siten ett\u00e4 h\u00e4n saattaa vastaanottaa s\u00e4hk\u00f6postiinsa tai muuta kautta markkinointitarkoitukseen tarkoitettua ammatillista postia, jolla on aina yhteys h\u00e4nen tekem\u00e4\u00e4ns\u00e4 konsultaatioon.<\/p>\n<p>Kaavakkeen t\u00e4hdell\u00e4 merkityt kohdat ovat pakollisia, mik\u00e4li k\u00e4ytt\u00e4j\u00e4 j\u00e4tt\u00e4\u00e4 n\u00e4m\u00e4 kohdat t\u00e4ytt\u00e4m\u00e4tt\u00e4 PRIUS ABOGADOS, S.L:\u00e4ll\u00e4 on t\u00e4ysi oikeus, halutessaan, ev\u00e4t\u00e4 palvelunsa.<\/p>\n<p>PRIUS ABOGADOS, S.L. toimii henkil\u00f6tietojen suojaamista ja digitaalisten oikeuksien turvaamista \u00a0koskevien \u00a0(3\/2018 joulukuuta), m\u00e4\u00e4r\u00e4ttyjen asetusten mukaisella tavalla, kuten my\u00f6s (EU) m\u00e4\u00e4r\u00e4ysten mukaisesti 2016\/679 . T\u00e4st\u00e4 huolimatta, verkkoturvallisuus ei ole aukoton, eik\u00e4 sit\u00e4 aina voida suojata kolmansien osapuolien tahalliselta vahingoittavalta toiminnalta.<\/p>\n<p>Henkil\u00f6tietojen suojaamiseksi asetetun lain 15\/1999 mukaisesti yhteydenotto-kaavakkeen kautta ker\u00e4tyt tiedot k\u00e4sitell\u00e4\u00e4n PRIUS ABOGADOS, S.L.:n toimesta luottamuksellisesti. T\u00e4t\u00e4 asetusta sovelletaan rajoittamatta k\u00e4ytt\u00e4j\u00e4n oikeuksia: oikeus ilmaiseksi saada tietoja h\u00e4nt\u00e4 koskevista tiedoista, oikeus vastustaa tietojensa k\u00e4ytt\u00f6\u00e4, pyyt\u00e4\u00e4 korjaamaan tai poistamaan voimassa olevat tiedot tai uusimaan tietonsa ilman takautuvaa vaikutusta.<\/p>\n<p>Tietojenne poistamiseen\/muuttamiseen\/vastustamiseen, liittyviss\u00e4 kysymyksiss\u00e4 pyyd\u00e4mme k\u00e4\u00e4ntym\u00e4\u00e4n puoleemme, toimittamalla kirjallisen pyynn\u00f6n sek\u00e4 osoittamalla henkil\u00f6llisyytenne PRIUS ABOGADOS, S.L.:\u00e4lle PRIUS ABOGADOS, S.L., seuraavaan osoitteeseen vuonna Avda Jes\u00fas Santos Re\u00edn, 2, Edif. Ofisol, 29640 &#8211; Fuengirola (M\u00e1laga). Tai e-mailill\u00e4: priusabogados@priusabogados.es<\/p>\n<p>Vastuuvapaus.<\/p>\n<p>Verkkoportaalin k\u00e4ytt\u00f6 ei velvoita PRIUS ABOGADOS, S.L:\u00e4\u00e4 takaamaan sit\u00e4 ett\u00e4 verkkosivun tiedot ovat oikeita, t\u00e4sm\u00e4llisi\u00e4, totuudenmukaisia, soveltuvia, t\u00e4ydellisi\u00e4 ja ajankohtaisia.<\/p>\n<p>Verkkosivujen sis\u00e4lt\u00f6 on yleisluontoista, eik\u00e4 siksi sovellu mink\u00e4\u00e4nlaiseen oikeudelliseen neuvonantoon tai toimi riitt\u00e4v\u00e4n\u00e4 tietona k\u00e4ytt\u00e4j\u00e4lle henkil\u00f6kohtaisten tai yritysten p\u00e4\u00e4t\u00f6sten tekemiseen.<\/p>\n<p>PRIUS ABOGADOS, S.L. ei ota vastuuta verkkosivuilla olevan tiedon perusteella tehdyist\u00e4 p\u00e4\u00e4t\u00f6ksist\u00e4, tai pelk\u00e4st\u00e4\u00e4n verkkosivujen sis\u00e4lt\u00f6\u00f6n perustuvien p\u00e4\u00e4t\u00f6sten synnytt\u00e4mist\u00e4 haitoista tai ongelmista.<\/p>\n<p>Verkkosivujen k\u00e4ytt\u00f6 ei velvoita PRIUS ABOGADOS, S.L huolehtimaan virusten tai haittaohjelmien poissaolosta.<\/p>\n<p>Kaikissa tapauksissa on k\u00e4ytt\u00e4j\u00e4n omalla vastuulla huolehtia tarvittavista torjuntaohjelmista, jotka havaitsevat ja poistavat haittaohjelmat.<\/p>\n<p>PRIUS ABOGADOS, S.L. ei ota vastuuta verkkoportaalin k\u00e4yt\u00f6st\u00e4, k\u00e4ytt\u00e4jille tai kolmansille, syntyvist\u00e4 haitoista tieto- ja viestint\u00e4teknologisiin laitteisiin.<\/p>\n<p>Verkkoportaalin k\u00e4ytt\u00f6 vaatii kolmansien osapuolien palveluita ja jakeluita, muun muassa verkkoyhteyden, joiden luotettavuus, laatu, jatkuvuus ja toimivuus ei ole PRIUS ABOGADOS, S.L:n vastuulla. T\u00e4ten, verkkoportaalin palvelut voivat lakata toimimasta kesken tai k\u00e4ytt\u00f6 voi esty\u00e4.<\/p>\n<p>PRIUS ABOGADOS, S.L ei ota vastuuta mist\u00e4\u00e4n haitoista, jotka saattavat synty\u00e4 verkkoportaalin k\u00e4ytt\u00f6\u00f6n liittyvist\u00e4 ongelmista, kuten esimerkiksi verkkoyhteyden ongelmat, k\u00e4yt\u00f6n katkeaminen tai k\u00e4yt\u00f6n estyminen ennen tai kesken k\u00e4ytt\u00f6\u00e4.<\/p>\n<p>Verkkosivujen sis\u00e4lt\u00f6 on tuotu sivustolle PRIUS ABOGAOS, S.L.:n toimesta, sis\u00e4lt\u00f6 koostuu niin omista kuin kolmannen osapuolen l\u00e4hteist\u00e4.<\/p>\n<p>PRIUS ABOGADOS, S.L. pyrkii siihen ett\u00e4 sis\u00e4lt\u00f6 on mahdollisimman laadukasta ja ett\u00e4 niit\u00e4 p\u00e4ivitet\u00e4\u00e4n tarpeen vaatiessa, mutta ei takaa ett\u00e4 tiedot ovat oikeita, t\u00e4sm\u00e4llisi\u00e4, totuudenmukaisia, soveltuvia, t\u00e4ydellisi\u00e4 ja ajankohtaisia.<\/p>\n<p>Sis\u00e4lt\u00f6jen lis\u00e4\u00e4minen PRIUS ABOGADOS, S.L:n verkkosivuille ei miss\u00e4\u00e4n kohtaan tarkoita oikeuspalveluiden tarjoamista.<\/p>\n<p>Verkkosivujen sis\u00e4lt\u00f6 on yleisluontoista, eik\u00e4 siksi sovellu mink\u00e4\u00e4nlaiseen oikeudelliseen neuvonantoon tai toimi riitt\u00e4v\u00e4n\u00e4 tietona k\u00e4ytt\u00e4j\u00e4lle henkil\u00f6kohtaisten tai yritysten p\u00e4\u00e4t\u00f6sten tekemiseen.<\/p>\n<p>T\u00e4m\u00e4n mukaisesti, verkkosivuilla esiintyv\u00e4\u00e4 tietoa ei tule miss\u00e4\u00e4n nimess\u00e4 pit\u00e4\u00e4 vaihtoehtona oikeudelliselle neuvonnannolle, ja PRIUS ABOGADOS, S.L ei suosittele k\u00e4ytt\u00e4ji\u00e4 tekem\u00e4\u00e4n p\u00e4\u00e4t\u00f6ksi\u00e4, ilman ammattilaisen yksil\u00f6llist\u00e4 neuvontaa ja nettisivuihin pohjautuen.<\/p>\n<p>K\u00e4ytt\u00e4j\u00e4n, joko yksityishenkil\u00f6n tai muun toimijan, joka haluaa laittaa (esimerkiksi, linkit ja napit) nettisivuiltaan PRIUS ABOGADOS, S.L.:n sivuille (el \u201cHiperenlace\u201d) tulee hakea t\u00e4h\u00e4n etuk\u00e4teen kirjallinen lupa PRIUS ABOGADOS, S.L:\u00e4lt\u00e4<\/p>\n<p>Verkkosivuilla esiintyv\u00e4t ulkopuoliset linkit eiv\u00e4t tarkoita mill\u00e4\u00e4n tavalla sit\u00e4 ett\u00e4 PRIUS ABOGADOS, S.L on suhteessa n\u00e4ihin, eik\u00e4 PRIUS ABOGADOS, S.L hyv\u00e4ksy tai vastaa n\u00e4iden sis\u00e4ll\u00f6ist\u00e4 tai palveluista, eik\u00e4 ota mit\u00e4\u00e4n vastuuta kyseisten sivustojen toiminnasta.<\/p>\n<p>Joka tapauksessa, PRIUS ABOGADOS, S.L. pid\u00e4tt\u00e4\u00e4 oikeuden kielt\u00e4\u00e4 tai vaatia poistamaan koska tahansa hyperlinkin PRIUS ABOGADOS, S.L:n verkkosivuilta www.priusabogados.es, erityisesti tapauksissa jossa on lainvastaista toimintaa tai sis\u00e4lt\u00f6j\u00e4 verkkosivuilla johon hyperlinkki on.<\/p>\n<p>PRIUS ABOGADOS, S.L. verkkosivu asettaa k\u00e4ytt\u00e4j\u00e4n ulottuville ja etsitt\u00e4v\u00e4ksi Internetiss\u00e4 olevia sis\u00e4lt\u00f6j\u00e4 ja palveluita, hyperlinkkej\u00e4 tai s\u00e4hk\u00f6isi\u00e4 viittauksia (esimerkiksi linkkej\u00e4 tai painonappeja), (esimerkiksi, linkit ja napit), joiden avulla k\u00e4ytt\u00e4j\u00e4 voi siirty\u00e4 kolmansien osapuolien verkkosivustoille (linkitetyt sivustot).<\/p>\n<p>PRIUS ABOGADOS, S.L. ei tarjoa tai mainosta omasta tai kolmansien osapuolien toimesta, linkitetyilt\u00e4 sivustoilta l\u00f6ytyvi\u00e4 sis\u00e4lt\u00f6j\u00e4 tai palveluita, se ei my\u00f6sk\u00e4\u00e4n ole mill\u00e4\u00e4n tavalla vastuussa n\u00e4iden verkkosivustojen k\u00e4ytt\u00e4misest\u00e4.<\/p>\n<p>Sovellettava lains\u00e4\u00e4d\u00e4nt\u00f6. Laink\u00e4ytt\u00f6valta.<\/p>\n<p>Verkkosivuston k\u00e4ytt\u00f6ehdot perustuvat Espanjalaiseen lains\u00e4\u00e4d\u00e4nt\u00f6\u00f6n, jota osapuolten on noudatettava.<\/p>\n<p>Kaikkissa verkkosivustoon liittyvien ongelmien ratkaisemisessa tullaan noudattamaan espanjalaista lains\u00e4\u00e4d\u00e4nt\u00f6\u00e4, n\u00e4in ollen konfliktien ratkaisu voidaan hoitaa Malagan tuomioistuimilla.<\/p>\n<p>www.priusabogados.es &#8211; M\u00e1laga, joulukuu, 2019.<\/p>\n\r\n\t\t<\/div>\r\n\t<\/div>\r\n<\/div><\/div><\/div><\/div><\/div><\/section>\n","protected":false},"excerpt":{"rendered":"[vc_custom_heading text=\"Oikeudellinen huomautus ja tietojen suojaaminen\" font_container=\"tag:h2|font_size:70px|text_align:center|color:%23d7b56d\" google_fonts=\"font_family:Pinyon%20Script%3Aregular|font_style:400%20regular%3A400%3Anormal\"] Oikeudelliset tiedot ja ehtojen hyv\u00e4ksyminen. I. Oikeudelliset tiedot ja ehtojen hyv\u00e4ksyminen. Tietoyhteiskuntaa ja s\u00e4hk\u00f6ist\u00e4 kaupank\u00e4ynti\u00e4 koskevan lain 34\/2002, artiklan 10, 11 hein\u00e4kuuta, m\u00e4\u00e4r\u00e4\u00e4m\u00e4ll\u00e4 tavalla annamme tietoonne seuraavat yrityst\u00e4mme koskevat tiedot. Yrityssertifikaatti: PRIUS ABOGADOS, S.L.. Kaupparekisteritiedot: Ote 2.558, Kirja 1471, Arkki 204, Asiapaperi MA-42.533. Verotunniste: B-92138486 Toimipaikka: Avda...","protected":false},"author":1,"featured_media":0,"parent":0,"menu_order":6,"comment_status":"closed","ping_status":"closed","template":"","meta":{"footnotes":""},"acf":[],"yoast_head":"<!-- This site is optimized with the Yoast SEO plugin v21.2 - https:\/\/yoast.com\/wordpress\/plugins\/seo\/ -->\n<title>OIKEUDELLINEN HUOMAUTUS JA TIETOJEN SUOJAAMINEN - Prius Abogados<\/title>\n<meta name=\"robots\" content=\"index, follow, max-snippet:-1, max-image-preview:large, max-video-preview:-1\" \/>\n<link rel=\"canonical\" href=\"https:\/\/www.priusabogados.es\/fi\/oikeudellinen-ilmoitus-ja-yksityisyyspolitiikka\/\" \/>\n<meta property=\"og:locale\" content=\"fi_FI\" \/>\n<meta property=\"og:type\" content=\"article\" \/>\n<meta property=\"og:title\" content=\"OIKEUDELLINEN HUOMAUTUS JA TIETOJEN SUOJAAMINEN - Prius Abogados\" \/>\n<meta property=\"og:url\" content=\"https:\/\/www.priusabogados.es\/fi\/oikeudellinen-ilmoitus-ja-yksityisyyspolitiikka\/\" \/>\n<meta property=\"og:site_name\" content=\"Prius Abogados\" \/>\n<meta property=\"article:publisher\" content=\"https:\/\/www.facebook.com\/profile.php?id=100057518436323\" \/>\n<meta property=\"article:modified_time\" content=\"2019-11-26T15:42:38+00:00\" \/>\n<meta name=\"twitter:card\" content=\"summary_large_image\" \/>\n<meta name=\"twitter:label1\" content=\"Arvioitu lukuaika\" \/>\n\t<meta name=\"twitter:data1\" content=\"8 minuuttia\" \/>\n<script type=\"application\/ld+json\" class=\"yoast-schema-graph\">{\"@context\":\"https:\/\/schema.org\",\"@graph\":[{\"@type\":\"WebPage\",\"@id\":\"https:\/\/www.priusabogados.es\/fi\/oikeudellinen-ilmoitus-ja-yksityisyyspolitiikka\/\",\"url\":\"https:\/\/www.priusabogados.es\/fi\/oikeudellinen-ilmoitus-ja-yksityisyyspolitiikka\/\",\"name\":\"OIKEUDELLINEN HUOMAUTUS JA TIETOJEN SUOJAAMINEN - Prius Abogados\",\"isPartOf\":{\"@id\":\"https:\/\/www.priusabogados.es\/#website\"},\"datePublished\":\"2019-11-26T11:53:51+00:00\",\"dateModified\":\"2019-11-26T15:42:38+00:00\",\"breadcrumb\":{\"@id\":\"https:\/\/www.priusabogados.es\/fi\/oikeudellinen-ilmoitus-ja-yksityisyyspolitiikka\/#breadcrumb\"},\"inLanguage\":\"fi\",\"potentialAction\":[{\"@type\":\"ReadAction\",\"target\":[\"https:\/\/www.priusabogados.es\/fi\/oikeudellinen-ilmoitus-ja-yksityisyyspolitiikka\/\"]}]},{\"@type\":\"BreadcrumbList\",\"@id\":\"https:\/\/www.priusabogados.es\/fi\/oikeudellinen-ilmoitus-ja-yksityisyyspolitiikka\/#breadcrumb\",\"itemListElement\":[{\"@type\":\"ListItem\",\"position\":1,\"name\":\"Portada\",\"item\":\"https:\/\/www.priusabogados.es\/\"},{\"@type\":\"ListItem\",\"position\":2,\"name\":\"OIKEUDELLINEN HUOMAUTUS JA TIETOJEN SUOJAAMINEN\"}]},{\"@type\":\"WebSite\",\"@id\":\"https:\/\/www.priusabogados.es\/#website\",\"url\":\"https:\/\/www.priusabogados.es\/\",\"name\":\"Prius Abogados\",\"description\":\"Abogados Fuengirola\",\"potentialAction\":[{\"@type\":\"SearchAction\",\"target\":{\"@type\":\"EntryPoint\",\"urlTemplate\":\"https:\/\/www.priusabogados.es\/?s={search_term_string}\"},\"query-input\":\"required name=search_term_string\"}],\"inLanguage\":\"fi\"}]}<\/script>\n<!-- \/ Yoast SEO plugin. -->","yoast_head_json":{"title":"OIKEUDELLINEN HUOMAUTUS JA TIETOJEN SUOJAAMINEN - Prius Abogados","robots":{"index":"index","follow":"follow","max-snippet":"max-snippet:-1","max-image-preview":"max-image-preview:large","max-video-preview":"max-video-preview:-1"},"canonical":"https:\/\/www.priusabogados.es\/fi\/oikeudellinen-ilmoitus-ja-yksityisyyspolitiikka\/","og_locale":"fi_FI","og_type":"article","og_title":"OIKEUDELLINEN HUOMAUTUS JA TIETOJEN SUOJAAMINEN - Prius Abogados","og_url":"https:\/\/www.priusabogados.es\/fi\/oikeudellinen-ilmoitus-ja-yksityisyyspolitiikka\/","og_site_name":"Prius Abogados","article_publisher":"https:\/\/www.facebook.com\/profile.php?id=100057518436323","article_modified_time":"2019-11-26T15:42:38+00:00","twitter_card":"summary_large_image","twitter_misc":{"Arvioitu lukuaika":"8 minuuttia"},"schema":{"@context":"https:\/\/schema.org","@graph":[{"@type":"WebPage","@id":"https:\/\/www.priusabogados.es\/fi\/oikeudellinen-ilmoitus-ja-yksityisyyspolitiikka\/","url":"https:\/\/www.priusabogados.es\/fi\/oikeudellinen-ilmoitus-ja-yksityisyyspolitiikka\/","name":"OIKEUDELLINEN HUOMAUTUS JA TIETOJEN SUOJAAMINEN - Prius Abogados","isPartOf":{"@id":"https:\/\/www.priusabogados.es\/#website"},"datePublished":"2019-11-26T11:53:51+00:00","dateModified":"2019-11-26T15:42:38+00:00","breadcrumb":{"@id":"https:\/\/www.priusabogados.es\/fi\/oikeudellinen-ilmoitus-ja-yksityisyyspolitiikka\/#breadcrumb"},"inLanguage":"fi","potentialAction":[{"@type":"ReadAction","target":["https:\/\/www.priusabogados.es\/fi\/oikeudellinen-ilmoitus-ja-yksityisyyspolitiikka\/"]}]},{"@type":"BreadcrumbList","@id":"https:\/\/www.priusabogados.es\/fi\/oikeudellinen-ilmoitus-ja-yksityisyyspolitiikka\/#breadcrumb","itemListElement":[{"@type":"ListItem","position":1,"name":"Portada","item":"https:\/\/www.priusabogados.es\/"},{"@type":"ListItem","position":2,"name":"OIKEUDELLINEN HUOMAUTUS JA TIETOJEN SUOJAAMINEN"}]},{"@type":"WebSite","@id":"https:\/\/www.priusabogados.es\/#website","url":"https:\/\/www.priusabogados.es\/","name":"Prius Abogados","description":"Abogados Fuengirola","potentialAction":[{"@type":"SearchAction","target":{"@type":"EntryPoint","urlTemplate":"https:\/\/www.priusabogados.es\/?s={search_term_string}"},"query-input":"required name=search_term_string"}],"inLanguage":"fi"}]}},"_links":{"self":[{"href":"https:\/\/www.priusabogados.es\/fi\/wp-json\/wp\/v2\/pages\/7795"}],"collection":[{"href":"https:\/\/www.priusabogados.es\/fi\/wp-json\/wp\/v2\/pages"}],"about":[{"href":"https:\/\/www.priusabogados.es\/fi\/wp-json\/wp\/v2\/types\/page"}],"author":[{"embeddable":true,"href":"https:\/\/www.priusabogados.es\/fi\/wp-json\/wp\/v2\/users\/1"}],"replies":[{"embeddable":true,"href":"https:\/\/www.priusabogados.es\/fi\/wp-json\/wp\/v2\/comments?post=7795"}],"version-history":[{"count":0,"href":"https:\/\/www.priusabogados.es\/fi\/wp-json\/wp\/v2\/pages\/7795\/revisions"}],"wp:attachment":[{"href":"https:\/\/www.priusabogados.es\/fi\/wp-json\/wp\/v2\/media?parent=7795"}],"curies":[{"name":"wp","href":"https:\/\/api.w.org\/{rel}","templated":true}]}}