{"id":7775,"date":"2019-11-26T11:37:52","date_gmt":"2019-11-26T11:37:52","guid":{"rendered":"http:\/\/tandemprint.com\/prius\/?page_id=7775"},"modified":"2020-02-12T11:03:49","modified_gmt":"2020-02-12T11:03:49","slug":"yhteydenotto","status":"publish","type":"page","link":"https:\/\/www.priusabogados.es\/fi\/yhteydenotto\/","title":{"rendered":"YHTEYDENOTTO"},"content":{"rendered":"<section class=\"l-section wpb_row height_huge with_img parallax_hor bgwidth_110\"><div class=\"l-section-img\" style=\"background-image: url(https:\/\/www.priusabogados.es\/wp-content\/uploads\/2019\/10\/Banner-Contacto.jpg);background-position: top center;\" data-img-width=\"1920\" data-img-height=\"1280\"><\/div><div class=\"l-section-h i-cf\"><div class=\"g-cols vc_row type_default valign_top\"><div class=\"vc_col-sm-12 wpb_column vc_column_container\"><div class=\"vc_column-inner\"><div class=\"wpb_wrapper\">[vc_custom_heading text=&#8221;Prius Abogados yhteydenotto&#8221; font_container=&#8221;tag:h2|font_size:70px|text_align:center|color:%23d7b56d&#8221; google_fonts=&#8221;font_family:Pinyon%20Script%3Aregular|font_style:400%20regular%3A400%3Anormal&#8221;]\r\n\t<div class=\"wpb_text_column \">\r\n\t\t<div class=\"wpb_wrapper\">\r\n\t\t\t<h5 style=\"text-align: center;\"><span style=\"color: #ffffff;\">Ota yhteytt\u00e4<\/span><\/h5>\n\r\n\t\t<\/div>\r\n\t<\/div>\r\n<div class=\"w-separator size_small\"><\/div><div class=\"w-iconbox iconpos_top style_default color_custom align_center no_title no_text\"><div class=\"w-iconbox-icon\" style=\"color:#ffffff;\"><i class=\"far fa-chevron-down\"><\/i><\/div><div class=\"w-iconbox-meta\"><\/div><\/div><\/div><\/div><\/div><\/div><\/div><\/section><section class=\"l-section wpb_row height_medium\"><div class=\"l-section-h i-cf\"><div class=\"g-cols vc_row type_default valign_top gap-10px\"><style>.g-cols.gap-10px{margin:0 calc(-1.5rem - 10px)}.gap-10px > .vc_column_container {padding:10px}<\/style><div class=\"vc_col-sm-6 wpb_column vc_column_container\" style=\"color:#658a95;\"><div class=\"vc_column-inner color_custom\"><div class=\"wpb_wrapper\"><div class=\"w-iconbox iconpos_left style_circle color_primary align_left no_text\"><a class=\"w-iconbox-link\" href=\"mailto:priusabogados@priusabogados.es\" aria-label=\"priusabogados@priusabogados.es\"><div class=\"w-iconbox-icon\" style=\"font-size:16px;\"><i class=\"far fa-envelope\"><\/i><\/div><\/a><div class=\"w-iconbox-meta\"><a class=\"w-iconbox-link\" href=\"mailto:priusabogados@priusabogados.es\" aria-label=\"priusabogados@priusabogados.es\"><h6 class=\"w-iconbox-title\">priusabogados@priusabogados.es<\/h6><\/a><\/div><\/div><div class=\"w-separator size_small\"><\/div><div class=\"w-iconbox iconpos_left style_circle color_primary align_left no_text\"><div class=\"w-iconbox-icon\" style=\"font-size:16px;\"><i class=\"far fa-phone\"><\/i><\/div><div class=\"w-iconbox-meta\"><h6 class=\"w-iconbox-title\">+(34) 952 467 853<\/h6><\/div><\/div><div class=\"w-separator size_small\"><\/div><div class=\"w-iconbox iconpos_left style_circle color_primary align_left no_text\"><div class=\"w-iconbox-icon\" style=\"font-size:16px;\"><i class=\"far fa-map-marker-alt\"><\/i><\/div><div class=\"w-iconbox-meta\"><h6 class=\"w-iconbox-title\">Avda. Jes\u00fas Santos Rein, 2 Edif. Ofisol 2\u00ba D &#8211; 29640 Fuengirola (M\u00e1laga)<\/h6><\/div><\/div><div class=\"w-separator size_large\"><\/div><div class=\"w-map provider_osm us_map_1\" id=\"us_map_1\" style=\"height:340px;\"><div class=\"w-map-json\" onclick='return {&quot;address&quot;:&quot;36.541633, -4.623884&quot;,&quot;markers&quot;:[{&quot;address&quot;:&quot;36.541633, -4.623884&quot;,&quot;html&quot;:&quot;Hola! Estamos aqu\\u00ed! :)&quot;,&quot;infowindow&quot;:false},{&quot;html&quot;:&quot;Paseo Mar\\u00edtimo ( Edificio Parque Do\\u00f1a Sof\\u00eda ), 5, 29640 Fuengirola, M\\u00e1laga&quot;,&quot;address&quot;:&quot;Paseo Mar\\u00edtimo ( Edificio Parque Do\\u00f1a Sof\\u00eda ), 5, 29640 Fuengirola, M\\u00e1laga&quot;,&quot;marker_img&quot;:null,&quot;marker_size&quot;:[&quot;30&quot;,&quot;30&quot;]}],&quot;zoom&quot;:14,&quot;height&quot;:&quot;340&quot;,&quot;style&quot;:&quot;https:\\\/\\\/{s}.tile.openstreetmap.org\\\/{z}\\\/{x}\\\/{y}.png&quot;}'><\/div><\/div><\/div><\/div><\/div><div class=\"vc_col-sm-6 wpb_column vc_column_container\"><div class=\"vc_column-inner\"><div class=\"wpb_wrapper\"><div class=\"w-form for_cform us_form_1\">\r\n\t<form class=\"w-form-h\" autocomplete=\"off\" action=\"https:\/\/www.priusabogados.es\/fi\/wp-json\/wp\/v2\/pages\/7775\" method=\"post\">\r\n\t\t\t\t<div class=\"w-form-row for_text required with_icon\">\r\n\t\t<div class=\"w-form-row-field\">\r\n\t\t<i class=\"far fa-user\"><\/i>\t\t<input type=\"text\" name=\"us_form_1_text_1\" aria-label=\"Nimi\" value=\"\" placeholder=\"Nimi *\" data-required=\"true\" aria-required=\"true\"\/>\r\n\t\t\t<\/div>\r\n\t\t<div class=\"w-form-row-state\">Fill out this field<\/div>\r\n<\/div>\r\n\t\t<div class=\"w-form-row for_text required with_icon\">\r\n\t\t<div class=\"w-form-row-field\">\r\n\t\t<i class=\"far fa-envelope\"><\/i>\t\t<input type=\"text\" name=\"us_form_1_text_2\" aria-label=\"Email\" value=\"\" placeholder=\"Email *\" data-required=\"true\" aria-required=\"true\"\/>\r\n\t\t\t<\/div>\r\n\t\t<div class=\"w-form-row-state\">Fill out this field<\/div>\r\n<\/div>\r\n\t\t<div class=\"w-form-row for_text with_icon\">\r\n\t\t<div class=\"w-form-row-field\">\r\n\t\t<i class=\"far fa-phone\"><\/i>\t\t<input type=\"text\" name=\"us_form_1_text_3\" aria-label=\"Puhelinnumero\" value=\"\" placeholder=\"Puhelinnumero\"\/>\r\n\t\t\t<\/div>\r\n\t\t<div class=\"w-form-row-state\">Fill out this field<\/div>\r\n<\/div>\r\n\t\t<div class=\"w-form-row for_select\">\r\n\t\t<div class=\"w-form-row-field\">\r\n\t\t\t\t<select  name=\"us_form_1_select_1\" aria-label=\"us_form_1_select_1\">\r\n\t\t\t<option value=\"Konsultointi\">Konsultointi<\/option><option value=\"Pyyd\u00e4 tapaamisaika\">Pyyd\u00e4 tapaamisaika<\/option><option value=\"Ehdotus\">Ehdotus<\/option><option value=\"Valitus \/ vaatimus\">Valitus \/ vaatimus<\/option><option value=\"Joku muu\">Joku muu<\/option>\t\t<\/select>\r\n\t\t\t<\/div>\r\n\t\t<div class=\"w-form-row-state\">Select an option<\/div>\r\n<\/div>\r\n\t\t<div class=\"w-form-row for_textarea with_icon\">\r\n\t\t<div class=\"w-form-row-field\">\r\n\t\t<i class=\"far fa-pencil\"><\/i>\t\t<textarea  name=\"us_form_1_textarea_1\" aria-label=\"Viesti\" placeholder=\"Viesti\"><\/textarea>\r\n\t\t\t<\/div>\r\n\t\t<div class=\"w-form-row-state\">Fill out this field<\/div>\r\n<\/div>\r\n\t\t<div class=\"w-form-row for_agreement required\">\r\n\t\t<div class=\"w-form-row-field\">\r\n\t\t\t\t<label>\r\n\t\t\t<input class=\"screen-reader-text\" type=\"checkbox\" name=\"us_form_1_agreement_1\" value=\"&lt;strong&gt;Olen lukenut, ja ymm\u00e4rr\u00e4n sek\u00e4 hyv\u00e4ksyn K\u00e4ytt\u00f6ehdot ja yksityisyytt\u00e4 koskevat ehdot. &lt;\/strong&gt;. Huomio*: Henkil\u00f6tietojen suojaamiseksi asetetun lain mukaisesti yhteydenottokaavakkeen kautta ker\u00e4tyt tiedot k\u00e4sitell\u00e4\u00e4n PRIUS ABOGADOS,  S.L.:n toimesta luottamuksellisesti yhteydenoton l\u00e4hett\u00e4neiden tiedot tallentuvat asiakasluetteloomme: L\u00e4hett\u00e4m\u00e4ll\u00e4 lomakkeen, k\u00e4ytt\u00e4j\u00e4 antaa luvan tietojen automaattiseen tallentamiseen. tiedot k\u00e4sitell\u00e4\u00e4n PRIUS ABOGADOS, S.L.:n toimesta luottamuksellisesti, tiedot tallennetaan PRIUS ABOGADOS, S.L:n tietokantaan yleisten tietosuoja-asetusten mukaisesti, ja niit\u00e4 k\u00e4ytet\u00e4\u00e4n ainoastaan m\u00e4\u00e4r\u00e4ttyyn k\u00e4ytt\u00f6tarkoitukseen, asiakkaan kysymykseen vastaamiseen tai palvelujen tarjoamiseen asiakkaalle , kuten ilmoitetaan kohdassa:  \u201cOikeudelliset tiedot ja ehtojen hyv\u00e4ksyminen\u201d.  Miss\u00e4\u00e4n tapauksessa tietoja ei anneta kolmansille osapuolille, ilman asiakkaan lupaa, ainoastaan  lain niin vaatiessa. PRIUS ABOGADOS, S.L., Avda. Jes\u00fas Santos Rein, 2, Ed. Ofisol, 2\u00ba D, 29640 Fuengirola, Espa\u00f1a (M\u00e1laga).\" data-required=\"true\" aria-required=\"true\"\/>\r\n\t\t\t<span class=\"w-form-checkbox\"><\/span>\r\n\t\t\t<span><strong>Olen lukenut, ja ymm\u00e4rr\u00e4n sek\u00e4 hyv\u00e4ksyn K\u00e4ytt\u00f6ehdot ja yksityisyytt\u00e4 koskevat ehdot. <\/strong>. Huomio*: Henkil\u00f6tietojen suojaamiseksi asetetun lain mukaisesti yhteydenottokaavakkeen kautta ker\u00e4tyt tiedot k\u00e4sitell\u00e4\u00e4n PRIUS ABOGADOS,  S.L.:n toimesta luottamuksellisesti yhteydenoton l\u00e4hett\u00e4neiden tiedot tallentuvat asiakasluetteloomme: L\u00e4hett\u00e4m\u00e4ll\u00e4 lomakkeen, k\u00e4ytt\u00e4j\u00e4 antaa luvan tietojen automaattiseen tallentamiseen. tiedot k\u00e4sitell\u00e4\u00e4n PRIUS ABOGADOS, S.L.:n toimesta luottamuksellisesti, tiedot tallennetaan PRIUS ABOGADOS, S.L:n tietokantaan yleisten tietosuoja-asetusten mukaisesti, ja niit\u00e4 k\u00e4ytet\u00e4\u00e4n ainoastaan m\u00e4\u00e4r\u00e4ttyyn k\u00e4ytt\u00f6tarkoitukseen, asiakkaan kysymykseen vastaamiseen tai palvelujen tarjoamiseen asiakkaalle , kuten ilmoitetaan kohdassa:  \u201cOikeudelliset tiedot ja ehtojen hyv\u00e4ksyminen\u201d.  Miss\u00e4\u00e4n tapauksessa tietoja ei anneta kolmansille osapuolille, ilman asiakkaan lupaa, ainoastaan  lain niin vaatiessa. PRIUS ABOGADOS, S.L., Avda. Jes\u00fas Santos Rein, 2, Ed. Ofisol, 2\u00ba D, 29640 Fuengirola, Espa\u00f1a (M\u00e1laga).<\/span>\r\n\t\t<\/label>\r\n\t\t\t<\/div>\r\n\t\t<div class=\"w-form-row-state\">You need to agree with the terms to proceed<\/div>\r\n<\/div>\r\n\t\t<input type=\"hidden\" name=\"action\" value=\"us_ajax_cform\" \/>\r\n\t\t<input type=\"hidden\" name=\"post_id\" value=\"7775\" \/>\r\n\t\t<input type=\"hidden\" name=\"form_index\" value=\"1\" \/>\r\n\t\t<div class=\"w-form-row for_submit align_left\">\r\n\t<div class=\"w-form-row-field\">\r\n\t\t\t\t<button class=\"w-btn icon_atleft us-btn-style_25\" type=\"submit\" aria-label=\"L\u00e4het\u00e4 viesti\">\r\n\t\t\t<span class=\"g-preloader type_1\"><\/span>\r\n\t\t\t<i class=\"far fa-angle-right\"><\/i>\t\t\t<span class=\"w-btn-label\">L\u00e4het\u00e4 viesti<\/span>\r\n\t\t\t\t\t<\/button>\r\n\t<\/div>\r\n<\/div>\r\n\t\t\t\t<div class=\"w-form-message\"><\/div>\r\n\t\t\t<\/form>\r\n\t<div class=\"w-form-json hidden\" onclick='return {&quot;ajaxurl&quot;:&quot;https:\\\/\\\/www.priusabogados.es\\\/wp-admin\\\/admin-ajax.php&quot;}'><\/div>\r\n<\/div><\/div><\/div><\/div><\/div><\/div><\/section>\n","protected":false},"excerpt":{"rendered":"[vc_custom_heading text=\"Prius Abogados yhteydenotto\" font_container=\"tag:h2|font_size:70px|text_align:center|color:%23d7b56d\" google_fonts=\"font_family:Pinyon%20Script%3Aregular|font_style:400%20regular%3A400%3Anormal\"] Ota yhteytt\u00e4 priusabogados@priusabogados.es+(34) 952 467 853Avda. Jes\u00fas Santos Rein, 2 Edif. Ofisol 2\u00ba D &#8211; 29640 Fuengirola (M\u00e1laga) Fill out this field Fill out this field Fill out this field KonsultointiPyyd\u00e4 tapaamisaikaEhdotusValitus \/ vaatimusJoku muu Select an option Fill out this field Olen lukenut, ja ymm\u00e4rr\u00e4n sek\u00e4 hyv\u00e4ksyn K\u00e4ytt\u00f6ehdot...","protected":false},"author":1,"featured_media":0,"parent":0,"menu_order":5,"comment_status":"closed","ping_status":"closed","template":"","meta":{"footnotes":""},"acf":[],"yoast_head":"<!-- This site is optimized with the Yoast SEO plugin v21.2 - https:\/\/yoast.com\/wordpress\/plugins\/seo\/ -->\n<title>YHTEYDENOTTO - Prius Abogados<\/title>\n<meta name=\"robots\" content=\"index, follow, max-snippet:-1, max-image-preview:large, max-video-preview:-1\" \/>\n<link rel=\"canonical\" href=\"https:\/\/www.priusabogados.es\/fi\/yhteydenotto\/\" \/>\n<meta property=\"og:locale\" content=\"fi_FI\" \/>\n<meta property=\"og:type\" content=\"article\" \/>\n<meta property=\"og:title\" content=\"YHTEYDENOTTO - Prius Abogados\" \/>\n<meta property=\"og:url\" content=\"https:\/\/www.priusabogados.es\/fi\/yhteydenotto\/\" \/>\n<meta property=\"og:site_name\" content=\"Prius Abogados\" \/>\n<meta property=\"article:publisher\" content=\"https:\/\/www.facebook.com\/profile.php?id=100057518436323\" \/>\n<meta property=\"article:modified_time\" content=\"2020-02-12T11:03:49+00:00\" \/>\n<meta name=\"twitter:card\" content=\"summary_large_image\" \/>\n<meta name=\"twitter:label1\" content=\"Arvioitu lukuaika\" \/>\n\t<meta name=\"twitter:data1\" content=\"4 minuuttia\" \/>\n<script type=\"application\/ld+json\" class=\"yoast-schema-graph\">{\"@context\":\"https:\/\/schema.org\",\"@graph\":[{\"@type\":\"WebPage\",\"@id\":\"https:\/\/www.priusabogados.es\/fi\/yhteydenotto\/\",\"url\":\"https:\/\/www.priusabogados.es\/fi\/yhteydenotto\/\",\"name\":\"YHTEYDENOTTO - Prius Abogados\",\"isPartOf\":{\"@id\":\"https:\/\/www.priusabogados.es\/#website\"},\"datePublished\":\"2019-11-26T11:37:52+00:00\",\"dateModified\":\"2020-02-12T11:03:49+00:00\",\"breadcrumb\":{\"@id\":\"https:\/\/www.priusabogados.es\/fi\/yhteydenotto\/#breadcrumb\"},\"inLanguage\":\"fi\",\"potentialAction\":[{\"@type\":\"ReadAction\",\"target\":[\"https:\/\/www.priusabogados.es\/fi\/yhteydenotto\/\"]}]},{\"@type\":\"BreadcrumbList\",\"@id\":\"https:\/\/www.priusabogados.es\/fi\/yhteydenotto\/#breadcrumb\",\"itemListElement\":[{\"@type\":\"ListItem\",\"position\":1,\"name\":\"Portada\",\"item\":\"https:\/\/www.priusabogados.es\/\"},{\"@type\":\"ListItem\",\"position\":2,\"name\":\"YHTEYDENOTTO\"}]},{\"@type\":\"WebSite\",\"@id\":\"https:\/\/www.priusabogados.es\/#website\",\"url\":\"https:\/\/www.priusabogados.es\/\",\"name\":\"Prius Abogados\",\"description\":\"Abogados Fuengirola\",\"potentialAction\":[{\"@type\":\"SearchAction\",\"target\":{\"@type\":\"EntryPoint\",\"urlTemplate\":\"https:\/\/www.priusabogados.es\/?s={search_term_string}\"},\"query-input\":\"required name=search_term_string\"}],\"inLanguage\":\"fi\"}]}<\/script>\n<!-- \/ Yoast SEO plugin. -->","yoast_head_json":{"title":"YHTEYDENOTTO - Prius Abogados","robots":{"index":"index","follow":"follow","max-snippet":"max-snippet:-1","max-image-preview":"max-image-preview:large","max-video-preview":"max-video-preview:-1"},"canonical":"https:\/\/www.priusabogados.es\/fi\/yhteydenotto\/","og_locale":"fi_FI","og_type":"article","og_title":"YHTEYDENOTTO - Prius Abogados","og_url":"https:\/\/www.priusabogados.es\/fi\/yhteydenotto\/","og_site_name":"Prius Abogados","article_publisher":"https:\/\/www.facebook.com\/profile.php?id=100057518436323","article_modified_time":"2020-02-12T11:03:49+00:00","twitter_card":"summary_large_image","twitter_misc":{"Arvioitu lukuaika":"4 minuuttia"},"schema":{"@context":"https:\/\/schema.org","@graph":[{"@type":"WebPage","@id":"https:\/\/www.priusabogados.es\/fi\/yhteydenotto\/","url":"https:\/\/www.priusabogados.es\/fi\/yhteydenotto\/","name":"YHTEYDENOTTO - Prius Abogados","isPartOf":{"@id":"https:\/\/www.priusabogados.es\/#website"},"datePublished":"2019-11-26T11:37:52+00:00","dateModified":"2020-02-12T11:03:49+00:00","breadcrumb":{"@id":"https:\/\/www.priusabogados.es\/fi\/yhteydenotto\/#breadcrumb"},"inLanguage":"fi","potentialAction":[{"@type":"ReadAction","target":["https:\/\/www.priusabogados.es\/fi\/yhteydenotto\/"]}]},{"@type":"BreadcrumbList","@id":"https:\/\/www.priusabogados.es\/fi\/yhteydenotto\/#breadcrumb","itemListElement":[{"@type":"ListItem","position":1,"name":"Portada","item":"https:\/\/www.priusabogados.es\/"},{"@type":"ListItem","position":2,"name":"YHTEYDENOTTO"}]},{"@type":"WebSite","@id":"https:\/\/www.priusabogados.es\/#website","url":"https:\/\/www.priusabogados.es\/","name":"Prius Abogados","description":"Abogados Fuengirola","potentialAction":[{"@type":"SearchAction","target":{"@type":"EntryPoint","urlTemplate":"https:\/\/www.priusabogados.es\/?s={search_term_string}"},"query-input":"required name=search_term_string"}],"inLanguage":"fi"}]}},"_links":{"self":[{"href":"https:\/\/www.priusabogados.es\/fi\/wp-json\/wp\/v2\/pages\/7775"}],"collection":[{"href":"https:\/\/www.priusabogados.es\/fi\/wp-json\/wp\/v2\/pages"}],"about":[{"href":"https:\/\/www.priusabogados.es\/fi\/wp-json\/wp\/v2\/types\/page"}],"author":[{"embeddable":true,"href":"https:\/\/www.priusabogados.es\/fi\/wp-json\/wp\/v2\/users\/1"}],"replies":[{"embeddable":true,"href":"https:\/\/www.priusabogados.es\/fi\/wp-json\/wp\/v2\/comments?post=7775"}],"version-history":[{"count":0,"href":"https:\/\/www.priusabogados.es\/fi\/wp-json\/wp\/v2\/pages\/7775\/revisions"}],"wp:attachment":[{"href":"https:\/\/www.priusabogados.es\/fi\/wp-json\/wp\/v2\/media?parent=7775"}],"curies":[{"name":"wp","href":"https:\/\/api.w.org\/{rel}","templated":true}]}}