{"id":7756,"date":"2019-11-26T09:59:43","date_gmt":"2019-11-26T09:59:43","guid":{"rendered":"http:\/\/tandemprint.com\/prius\/?page_id=7756"},"modified":"2025-09-02T16:19:07","modified_gmt":"2025-09-02T16:19:07","slug":"home","status":"publish","type":"page","link":"https:\/\/www.priusabogados.es\/fi\/","title":{"rendered":"HOME"},"content":{"rendered":"<section class=\"l-section wpb_row height_huge with_img\"><div class=\"l-section-img\" style=\"background-image: url(https:\/\/www.priusabogados.es\/wp-content\/uploads\/2019\/10\/Banner-inicio.jpg);\" data-img-width=\"2400\" data-img-height=\"1145\"><\/div><div class=\"l-section-h i-cf\"><div class=\"g-cols vc_row type_default valign_middle\"><div class=\"vc_col-sm-4 wpb_column vc_column_container has-fill\" style=\"color:#ffffff;\"><div class=\"vc_column-inner  vc_custom_1571988168137 color_custom\"><div class=\"wpb_wrapper\">[vc_custom_heading text=&#8221;Tervetuloa<br \/>\n<strong>Prius Abogados<\/strong><br \/>\nasianajotoimistoon&#8221; font_container=&#8221;tag:h1|text_align:left|color:%23d7b56d|line_height:1.2&#8243; use_theme_fonts=&#8221;yes&#8221;]\r\n\t<div class=\"wpb_text_column \">\r\n\t\t<div class=\"wpb_wrapper\">\r\n\t\t\t<p><strong>Asianajotoimistosi Fuengirolassa vuodesta 1999 l\u00e4htien<\/strong><\/p>\n<p><strong>Prius Abogados<\/strong> tarjoaa juridista ja verotuksellista neuvontaa yksityishenkil\u00f6ille ja yrityksille, erityisesti kansainv\u00e4lisille asiakkaille. Monialaisella tiimill\u00e4mme on laaja kokemus <strong>kiinteist\u00f6kaupoista, kansainv\u00e4lisist\u00e4 perunkirjoituksista Espanjassa, ulkomaalaisten verotuksesta sek\u00e4 siviili- ja kauppaoikeudellisista riita-asioista.<\/strong><\/p>\n\r\n\t\t<\/div>\r\n\t<\/div>\r\n<div class=\"w-separator size_small\"><\/div><div class=\"w-btn-wrapper width_auto align_left\"><a class=\"w-btn us-btn-style_25 icon_atleft\" href=\"http:\/\/tandemprint.com\/prius\/fi\/palvelut\/\" title=\"SERVICIOS\"><i class=\"far fa-angle-right\"><\/i><span class=\"w-btn-label\">Tutustu<\/span><\/a><\/div><\/div><\/div><\/div><div class=\"vc_col-sm-8 wpb_column vc_column_container\"><div class=\"vc_column-inner\"><div class=\"wpb_wrapper\"><div class=\"w-separator size_custom\" style=\"height:400px;\"><\/div><\/div><\/div><\/div><\/div><\/div><\/section><section class=\"l-section wpb_row height_medium\"><div class=\"l-section-h i-cf\"><div class=\"g-cols vc_row type_default valign_top\"><div class=\"vc_col-sm-12 wpb_column vc_column_container\"><div class=\"vc_column-inner\"><div class=\"wpb_wrapper\"><div class=\"w-grid type_grid layout_blog_5 cols_3\" id=\"us_grid_1\"><style id=\"us_grid_1_css\">#us_grid_1 .w-grid-item{padding:1.5rem}#us_grid_1 .w-grid-list{margin:-1.5rem}.w-grid + #us_grid_1 .w-grid-list{margin-top:1.5rem}@media (max-width:899px){#us_grid_1 .w-grid-item{width:50%}}@media (max-width:599px){#us_grid_1 .w-grid-list{margin:0}#us_grid_1 .w-grid-item{width:100%;padding:0;margin-bottom:1.5rem}}<\/style><style>#us_grid_1 .w-grid-item-h{}#us_grid_1 .usg_post_image_1{width:30%;flex-shrink:0}#us_grid_1 .usg_post_title_1{font-size:1.2rem}#us_grid_1 .usg_post_date_1{font-size:14px;line-height:1.6}#us_grid_1 .usg_post_comments_1{font-size:14px;line-height:1.6}#us_grid_1 .usg_hwrapper_1{}#us_grid_1 .usg_hwrapper_2{color:#9ea8ad}#us_grid_1 .usg_vwrapper_1{}#us_grid_1 .usg_post_image_1{margin-right:5%}#us_grid_1 .usg_post_title_1{margin-bottom:0.3rem}<\/style><div class=\"w-grid-list\"><article class=\"w-grid-item size_1x1 post-8323 post type-post status-publish format-standard has-post-thumbnail hentry category-uncategorized-fi\" data-id=\"8323\">\r\n\t<div class=\"w-grid-item-h\">\r\n\t\t\t\t<div class=\"w-hwrapper usg_hwrapper_1 align_left valign_top \"><div class=\"w-post-elm post_image usg_post_image_1 stretched\"><a href=\"https:\/\/www.priusabogados.es\/fi\/vero-opas-espanjassa-asuville-ulkomaalaisille\/\" aria-label=\"Vero-opas Espanjassa asuville ulkomaalaisille\"><img width=\"150\" height=\"150\" src=\"https:\/\/www.priusabogados.es\/wp-content\/uploads\/2026\/03\/Brown-and-White-Modern-Tips-How-to-Grow-on-Social-Media-Carousel-Instagram-Post-2-1-150x150.jpg\" class=\"attachment-thumbnail size-thumbnail wp-post-image\" alt=\"\" decoding=\"async\" srcset=\"https:\/\/www.priusabogados.es\/wp-content\/uploads\/2026\/03\/Brown-and-White-Modern-Tips-How-to-Grow-on-Social-Media-Carousel-Instagram-Post-2-1-150x150.jpg 150w, https:\/\/www.priusabogados.es\/wp-content\/uploads\/2026\/03\/Brown-and-White-Modern-Tips-How-to-Grow-on-Social-Media-Carousel-Instagram-Post-2-1-600x600.jpg 600w\" sizes=\"(max-width: 150px) 100vw, 150px\" \/><\/a><\/div><div class=\"w-vwrapper usg_vwrapper_1 align_left valign_top \"><h2 class=\"w-post-elm post_title usg_post_title_1 entry-title color_link_inherit\"><a href=\"https:\/\/www.priusabogados.es\/fi\/vero-opas-espanjassa-asuville-ulkomaalaisille\/\">Vero-opas Espanjassa asuville ulkomaalaisille<\/a><\/h2><div class=\"w-hwrapper usg_hwrapper_2 align_left valign_top wrap \"><time class=\"w-post-elm post_date usg_post_date_1 entry-date published\" datetime=\"2026-03-17T08:59:59+00:00\" title=\"17 maaliskuun 2026  08:59:59 +00:00\">17 maalis  8:59 am<\/time><div class=\"w-post-elm post_comments usg_post_comments_1 layout_amount color_link_inherit\"><i class=\"far fa-comments\"><\/i><a class=\"smooth-scroll\" href=\"https:\/\/www.priusabogados.es\/fi\/vero-opas-espanjassa-asuville-ulkomaalaisille\/#respond\">0<\/a><\/div><\/div><\/div><\/div>\t<\/div>\r\n<\/article>\r\n<article class=\"w-grid-item size_1x1 post-8278 post type-post status-publish format-standard has-post-thumbnail hentry category-uncategorized-fi\" data-id=\"8278\">\r\n\t<div class=\"w-grid-item-h\">\r\n\t\t\t\t<div class=\"w-hwrapper usg_hwrapper_1 align_left valign_top \"><div class=\"w-post-elm post_image usg_post_image_1 stretched\"><a href=\"https:\/\/www.priusabogados.es\/fi\/puolustamme-oikeuksiasi\/\" aria-label=\"Puolustamme oikeuksiasi\"><img width=\"150\" height=\"150\" src=\"https:\/\/www.priusabogados.es\/wp-content\/uploads\/2026\/03\/Brown-and-White-Modern-Tips-How-to-Grow-on-Social-Media-Carousel-Instagram-Post-1-150x150.jpg\" class=\"attachment-thumbnail size-thumbnail wp-post-image\" alt=\"\" decoding=\"async\" srcset=\"https:\/\/www.priusabogados.es\/wp-content\/uploads\/2026\/03\/Brown-and-White-Modern-Tips-How-to-Grow-on-Social-Media-Carousel-Instagram-Post-1-150x150.jpg 150w, https:\/\/www.priusabogados.es\/wp-content\/uploads\/2026\/03\/Brown-and-White-Modern-Tips-How-to-Grow-on-Social-Media-Carousel-Instagram-Post-1-600x600.jpg 600w\" sizes=\"(max-width: 150px) 100vw, 150px\" \/><\/a><\/div><div class=\"w-vwrapper usg_vwrapper_1 align_left valign_top \"><h2 class=\"w-post-elm post_title usg_post_title_1 entry-title color_link_inherit\"><a href=\"https:\/\/www.priusabogados.es\/fi\/puolustamme-oikeuksiasi\/\">Puolustamme oikeuksiasi<\/a><\/h2><div class=\"w-hwrapper usg_hwrapper_2 align_left valign_top wrap \"><time class=\"w-post-elm post_date usg_post_date_1 entry-date published\" datetime=\"2026-03-10T11:49:46+00:00\" title=\"10 maaliskuun 2026  11:49:46 +00:00\">10 maalis  11:49 am<\/time><div class=\"w-post-elm post_comments usg_post_comments_1 layout_amount color_link_inherit\"><i class=\"far fa-comments\"><\/i><a class=\"smooth-scroll\" href=\"https:\/\/www.priusabogados.es\/fi\/puolustamme-oikeuksiasi\/#respond\">0<\/a><\/div><\/div><\/div><\/div>\t<\/div>\r\n<\/article>\r\n<article class=\"w-grid-item size_1x1 post-8267 post type-post status-publish format-standard has-post-thumbnail hentry category-uncategorized-fi\" data-id=\"8267\">\r\n\t<div class=\"w-grid-item-h\">\r\n\t\t\t\t<div class=\"w-hwrapper usg_hwrapper_1 align_left valign_top \"><div class=\"w-post-elm post_image usg_post_image_1 stretched\"><a href=\"https:\/\/www.priusabogados.es\/fi\/vut-majoitusten-omistajien-checklist-turistivuokraukseen-rekisteroidyt-asunnot\/\" aria-label=\"VUT-MAJOITUSTEN OMISTAJIEN CHECKLIST (turistivuokraukseen rekister\u00f6idyt asunnot)\u00a0\"><img width=\"150\" height=\"150\" src=\"https:\/\/www.priusabogados.es\/wp-content\/uploads\/2026\/01\/Diseno-sin-titulo-10-150x150.png\" class=\"attachment-thumbnail size-thumbnail wp-post-image\" alt=\"\" decoding=\"async\" srcset=\"https:\/\/www.priusabogados.es\/wp-content\/uploads\/2026\/01\/Diseno-sin-titulo-10-150x150.png 150w, https:\/\/www.priusabogados.es\/wp-content\/uploads\/2026\/01\/Diseno-sin-titulo-10-600x600.png 600w\" sizes=\"(max-width: 150px) 100vw, 150px\" \/><\/a><\/div><div class=\"w-vwrapper usg_vwrapper_1 align_left valign_top \"><h2 class=\"w-post-elm post_title usg_post_title_1 entry-title color_link_inherit\"><a href=\"https:\/\/www.priusabogados.es\/fi\/vut-majoitusten-omistajien-checklist-turistivuokraukseen-rekisteroidyt-asunnot\/\">VUT-MAJOITUSTEN OMISTAJIEN CHECKLIST (turistivuokraukseen rekister\u00f6idyt asunnot)\u00a0<\/a><\/h2><div class=\"w-hwrapper usg_hwrapper_2 align_left valign_top wrap \"><time class=\"w-post-elm post_date usg_post_date_1 entry-date published\" datetime=\"2026-01-16T10:13:19+00:00\" title=\"16 tammikuun 2026  10:13:19 +00:00\">16 tammi  10:13 am<\/time><div class=\"w-post-elm post_comments usg_post_comments_1 layout_amount color_link_inherit\"><i class=\"far fa-comments\"><\/i><a class=\"smooth-scroll\" href=\"https:\/\/www.priusabogados.es\/fi\/vut-majoitusten-omistajien-checklist-turistivuokraukseen-rekisteroidyt-asunnot\/#respond\">0<\/a><\/div><\/div><\/div><\/div>\t<\/div>\r\n<\/article>\r\n<\/div>\t<div class=\"w-grid-json hidden\" onclick='return {&quot;ajax_url&quot;:&quot;https:\\\/\\\/www.priusabogados.es\\\/wp-admin\\\/admin-ajax.php&quot;,&quot;permalink_url&quot;:&quot;https:\\\/\\\/www.priusabogados.es\\\/fi\\\/vut-majoitusten-omistajien-checklist-turistivuokraukseen-rekisteroidyt-asunnot\\\/&quot;,&quot;action&quot;:&quot;us_ajax_grid&quot;,&quot;max_num_pages&quot;:5,&quot;infinite_scroll&quot;:0,&quot;template_vars&quot;:{&quot;query_args&quot;:{&quot;post_type&quot;:[&quot;post&quot;],&quot;post_status&quot;:[&quot;publish&quot;,&quot;acf-disabled&quot;],&quot;ignore_sticky_posts&quot;:1,&quot;orderby&quot;:{&quot;date&quot;:&quot;DESC&quot;},&quot;posts_per_page&quot;:&quot;3&quot;},&quot;post_id&quot;:7756,&quot;us_grid_index&quot;:1,&quot;us_grid_ajax_index&quot;:1,&quot;exclude_items&quot;:&quot;none&quot;,&quot;items_offset&quot;:&quot;1&quot;,&quot;items_layout&quot;:&quot;blog_5&quot;,&quot;type&quot;:&quot;grid&quot;,&quot;columns&quot;:&quot;3&quot;,&quot;img_size&quot;:&quot;default&quot;,&quot;overriding_link&quot;:&quot;none&quot;,&quot;lang&quot;:&quot;fi&quot;}}'><\/div>\r\n<\/div><\/div><\/div><\/div><\/div><\/div><\/section><section class=\"l-section wpb_row height_small with_overlay\"><div class=\"l-section-overlay\" style=\"background: #658a95\"><\/div><div class=\"l-section-h i-cf\"><div class=\"g-cols vc_row type_default valign_middle\"><div class=\"vc_col-sm-8 wpb_column vc_column_container\"><div class=\"vc_column-inner\"><div class=\"wpb_wrapper\">[vc_custom_heading text=&#8221;Tutustu mit\u00e4 kaikkea Prius Abogados voi tehd\u00e4 puolestasi.&#8221; font_container=&#8221;tag:h4|text_align:center|color:%23ffffff&#8221; use_theme_fonts=&#8221;yes&#8221;]<\/div><\/div><\/div><div class=\"vc_col-sm-4 wpb_column vc_column_container\"><div class=\"vc_column-inner\"><div class=\"wpb_wrapper\"><div class=\"w-btn-wrapper width_auto align_center\"><a class=\"w-btn us-btn-style_25 icon_atleft\" href=\"http:\/\/tandemprint.com\/prius\/fi\/palvelut\/\" title=\"SERVICIOS\"><i class=\"far fa-angle-right\"><\/i><span class=\"w-btn-label\">Palvelut<\/span><\/a><\/div><\/div><\/div><\/div><\/div><\/div><\/section><section class=\"l-section wpb_row height_auto width_full\" id=\"custom\"><div class=\"l-section-h i-cf\"><div class=\"g-cols vc_row type_boxes valign_middle\"><div class=\"vc_col-sm-6 wpb_column vc_column_container has-fill\"><div class=\"vc_column-inner  vc_custom_1573667953534\"><div class=\"wpb_wrapper\"><div class=\"w-separator size_custom\" style=\"height:200px;\"><\/div><\/div><\/div><\/div><div class=\"vc_col-sm-6 wpb_column vc_column_container\"><div class=\"vc_column-inner\"><div class=\"wpb_wrapper\">[vc_custom_heading text=&#8221;Yritys&#8221; font_container=&#8221;tag:h2|text_align:left|color:%23658a95&#8243; use_theme_fonts=&#8221;yes&#8221;]\r\n\t<div class=\"wpb_text_column \">\r\n\t\t<div class=\"wpb_wrapper\">\r\n\t\t\t<p>Olemme asianajaja ja ekonomisti yritys ja tarjoamme palveluitamme <strong>suomeksi<\/strong>, <strong>espanjaksi<\/strong> ja <strong>englanniksi<\/strong>, t\u00e4m\u00e4 mahdollistaa sen ett\u00e4 voimme vastata asiakkaillemme suoraan ja sujuvasti, tarjoamalla heille nopean yhteydenpidon heid\u00e4n omalla \u00e4idinkielell\u00e4\u00e4n.<\/p>\n\r\n\t\t<\/div>\r\n\t<\/div>\r\n<div class=\"w-separator size_small\"><\/div><div class=\"w-btn-wrapper width_auto align_left\"><a class=\"w-btn us-btn-style_25 icon_atleft\" href=\"http:\/\/tandemprint.com\/prius\/fi\/palvelut\/\" title=\"SERVICIOS\"><i class=\"far fa-angle-right\"><\/i><span class=\"w-btn-label\">Tutustu<\/span><\/a><\/div><\/div><\/div><\/div><\/div><\/div><\/section><section class=\"l-section wpb_row height_medium with_img parallax_ver\"><div class=\"l-section-img\" style=\"background-image: url(https:\/\/www.priusabogados.es\/wp-content\/uploads\/2019\/11\/la-firma.jpg);background-position: top center;\" data-img-width=\"1920\" data-img-height=\"1280\"><\/div><div class=\"l-section-h i-cf\"><div class=\"g-cols vc_row type_boxes valign_top\"><div class=\"vc_col-sm-12 wpb_column vc_column_container\" style=\"color:#ffffff;\"><div class=\"vc_column-inner color_custom\"><div class=\"wpb_wrapper\">[vc_custom_heading text=&#8221;Asianajajia ja talousasiantuntijoita \u2013 tukenasi&#8221; font_container=&#8221;tag:h2|font_size:70px|text_align:center|color:%23d7b56d&#8221; google_fonts=&#8221;font_family:Pinyon%20Script%3Aregular|font_style:400%20regular%3A400%3Anormal&#8221;]\r\n\t<div class=\"wpb_text_column \">\r\n\t\t<div class=\"wpb_wrapper\">\r\n\t\t\t<p style=\"text-align: center;\">Tarjoamme kokonaisvaltaista ja yksil\u00f6llist\u00e4 palvelua, joka mukautuu sinun tarpeisiisi. Olipa kyseess\u00e4 kiinteist\u00f6n osto, perinn\u00f6n suunnittelu tai oikeudellisen riidan ratkaisu, olemme mukana joka vaiheessa \u2014 asiantuntevasti ja sitoutuneesti.<\/p>\n<p><strong>Erikoistuneita kansainv\u00e4lisiin asioihin<\/strong><br \/>\nOlemme asianajotoimisto Fuengirolassa, jolla on vahvaa kokemusta ulkomaisen omaisuuden hallinnasta, oikeudellisesta edustuksesta ja veroasioiden hoidosta. Ty\u00f6skentelemme <strong>espanjaksi, englanniksi ja suomeksi<\/strong>, ja tunnemme erityisesti niiden asiakkaiden tarpeet, jotka asuvat ulkomailla mutta tarvitsevat apua Espanjan oikeusj\u00e4rjestelm\u00e4ss\u00e4.<\/p>\n<p>&nbsp;<\/p>\n\r\n\t\t<\/div>\r\n\t<\/div>\r\n<div class=\"w-separator size_small\"><\/div><div class=\"w-btn-wrapper width_auto align_center\"><a class=\"w-btn us-btn-style_25 icon_atleft\" href=\"http:\/\/tandemprint.com\/prius\/fi\/yhteydenotto\/\" title=\"CONTACTO\"><i class=\"far fa-angle-right\"><\/i><span class=\"w-btn-label\">Varaa konsultaatioaika ja ota selv\u00e4\u00e4, miten voimme olla avuks<\/span><\/a><\/div><\/div><\/div><\/div><\/div><\/div><\/section><section class=\"l-section wpb_row height_auto width_full\"><div class=\"l-section-h i-cf\"><div class=\"g-cols vc_row type_boxes valign_middle\"><div class=\"vc_col-sm-4 wpb_column vc_column_container has-fill\"><div class=\"vc_column-inner  vc_custom_1571828875273\"><div class=\"wpb_wrapper\">[vc_custom_heading text=&#8221;Palvelut&#8221; font_container=&#8221;tag:h3|text_align:left|color:%23ffffff&#8221; use_theme_fonts=&#8221;yes&#8221;]\r\n\t<div class=\"wpb_text_column \">\r\n\t\t<div class=\"wpb_wrapper\">\r\n\t\t\t<p><span style=\"color: #ffffff;\"><strong>Prius Abogados<\/strong> kattaa ne oikeudenalat ja erityisalat, jotka ovat asiakkaillemme t\u00e4rkeimpi\u00e4 \u2014 niin yksityisten ja yritysten v\u00e4lisiss\u00e4 suhteissa kuin my\u00f6s suhteessa viranomaisiin ja julkishallintoon.<\/span><br \/>\n<span style=\"color: #ffffff;\">Fuengirolassa toimivana asianajotoimistona palvelemme erityisesti kansainv\u00e4lisi\u00e4 asiakkaita, olivatpa he Espanjassa asuvia tai ulkomailla asuvia, ja tarjoamme <strong>neuvontaa kansainv\u00e4lisiss\u00e4 perint\u00f6asioissa, asuntokaupoissa, ulkomaalaisten verotuksessa sek\u00e4 siviili- ja kauppaoikeudellisissa riidoissa.<\/strong><\/span><\/p>\n\r\n\t\t<\/div>\r\n\t<\/div>\r\n[vc_custom_heading text=&#8221;Pyyd\u00e4 kustannusarvio \u2013 ilman sitoumusta&#8221; font_container=&#8221;tag:h5|text_align:left|color:%23d7b56d&#8221; use_theme_fonts=&#8221;yes&#8221;]<\/div><\/div><\/div><div class=\"vc_col-sm-4 wpb_column vc_column_container\" style=\"color:#658a95;\"><div class=\"vc_column-inner color_custom\"><div class=\"wpb_wrapper\"><div class=\"w-iconbox iconpos_top style_default color_primary align_left icontype_img\"><div class=\"w-iconbox-icon\" style=\"font-size:65px;\"><img width=\"118\" height=\"111\" src=\"https:\/\/www.priusabogados.es\/wp-content\/uploads\/2019\/10\/Fideicomisos.png\" class=\"attachment-full size-full\" alt=\"\" decoding=\"async\" loading=\"lazy\" \/><\/div><div class=\"w-iconbox-meta\"><h5 class=\"w-iconbox-title\">Kiinteist\u00f6t<\/h5><div class=\"w-iconbox-text\"><p>Juridinen neuvonta kiinteist\u00f6jen ostoon ja luovutukseen, erityisesti ulkomaalaisille asiakkaille.<\/p>\n<\/div><\/div><\/div><div class=\"w-separator size_small with_line width_default thick_2 style_solid color_custom align_center\" style=\"border-color:#d7b56d;color:#d7b56d;\"><div class=\"w-separator-h\"><\/div><\/div><div class=\"w-iconbox iconpos_top style_default color_primary align_left icontype_img\"><div class=\"w-iconbox-icon\" style=\"font-size:65px;\"><img width=\"109\" height=\"111\" src=\"https:\/\/www.priusabogados.es\/wp-content\/uploads\/2019\/10\/derecho-negocios.png\" class=\"attachment-full size-full\" alt=\"\" decoding=\"async\" loading=\"lazy\" \/><\/div><div class=\"w-iconbox-meta\"><h5 class=\"w-iconbox-title\">Perint\u00f6oikeus<\/h5><div class=\"w-iconbox-text\"><p>Ammatillinen tuki kansainv\u00e4list\u00e4 ulottuvuutta sis\u00e4lt\u00e4viss\u00e4 perint\u00f6prosesseissa.<\/p>\n<\/div><\/div><\/div><\/div><\/div><\/div><div class=\"vc_col-sm-4 wpb_column vc_column_container\" style=\"color:#658a95;\"><div class=\"vc_column-inner color_custom\"><div class=\"wpb_wrapper\"><div class=\"w-iconbox iconpos_top style_default color_primary align_left icontype_img\"><div class=\"w-iconbox-icon\" style=\"font-size:65px;\"><img width=\"157\" height=\"133\" src=\"https:\/\/www.priusabogados.es\/wp-content\/uploads\/2019\/10\/derecho.png\" class=\"attachment-full size-full\" alt=\"\" decoding=\"async\" loading=\"lazy\" \/><\/div><div class=\"w-iconbox-meta\"><h5 class=\"w-iconbox-title\">Yritykset<\/h5><div class=\"w-iconbox-text\"><p>Oikeudellinen apu liiketoimissa, sopimuksissa ja yrityksen perustamisessa Espanjassa.<\/p>\n<\/div><\/div><\/div><div class=\"w-separator size_small with_line width_default thick_2 style_solid color_custom align_center\" style=\"border-color:#d7b56d;color:#d7b56d;\"><div class=\"w-separator-h\"><\/div><\/div><div class=\"w-iconbox iconpos_top style_default color_primary align_left icontype_img\"><div class=\"w-iconbox-icon\" style=\"font-size:65px;\"><img width=\"109\" height=\"113\" src=\"https:\/\/www.priusabogados.es\/wp-content\/uploads\/2019\/10\/litigios.png\" class=\"attachment-full size-full\" alt=\"\" decoding=\"async\" loading=\"lazy\" \/><\/div><div class=\"w-iconbox-meta\"><h5 class=\"w-iconbox-title\">Verotus ja kirjanpito<\/h5><div class=\"w-iconbox-text\"><p>Verohallinnon hoito asukkaille ja ei-residenteille, mukaan lukien ei-residenttien veroilmoitukset, muut veroilmoituslomakkeet ja kunnallinen maanarvonnousuvero.<\/p>\n<\/div><\/div><\/div><\/div><\/div><\/div><\/div><\/div><\/section><section class=\"l-section wpb_row height_small with_overlay\"><div class=\"l-section-overlay\" style=\"background: #d7b56d\"><\/div><div class=\"l-section-h i-cf\"><div class=\"g-cols vc_row type_default valign_middle\"><div class=\"vc_col-sm-8 wpb_column vc_column_container\"><div class=\"vc_column-inner\"><div class=\"wpb_wrapper\">[vc_custom_heading text=&#8221;Pyyd\u00e4 kustannusarvio ilman sitoumusta&#8221; font_container=&#8221;tag:h4|text_align:center|color:%23ffffff&#8221; use_theme_fonts=&#8221;yes&#8221;]<\/div><\/div><\/div><div class=\"vc_col-sm-4 wpb_column vc_column_container\"><div class=\"vc_column-inner\"><div class=\"wpb_wrapper\"><div class=\"w-btn-wrapper width_auto align_center\"><a class=\"w-btn us-btn-style_26 icon_atleft\" href=\"http:\/\/tandemprint.com\/prius\/fi\/yhteydenotto\/\" title=\"SERVICIOS\"><i class=\"far fa-angle-right\"><\/i><span class=\"w-btn-label\">Pyyd\u00e4<\/span><\/a><\/div><\/div><\/div><\/div><\/div><\/div><\/section>\n","protected":false},"excerpt":{"rendered":"Vuotuinen informatiivinen ilmoitus (arvioitu j\u00e4tt\u00f6aika: helmikuu 2026 \u2013 tiedot vuodelta 2025) Tavoite: ker\u00e4t\u00e4 kaikki tarvittavat tiedot etuk\u00e4teen ennen kuin virallinen ilmoituslomake otetaan lopullisesti k\u00e4ytt\u00f6\u00f6n. A) Majoituskohteen perustiedot (jokaisesta kiinteist\u00f6st\u00e4) Majoituksen t\u00e4ydellinen osoite. Matkailumajoituksen rekisterikoodi \/ -numero (jos sovellettavissa). Omistajuus (omistajan nimi \/ omaisuuden yhteisomistus). Sis\u00e4inen viite (jos sinulla on useita asuntoja: esim. \u201dVUT 1 \/...","protected":false},"author":1,"featured_media":0,"parent":0,"menu_order":1,"comment_status":"closed","ping_status":"closed","template":"","meta":{"footnotes":""},"acf":[],"yoast_head":"<!-- This site is optimized with the Yoast SEO plugin v21.2 - https:\/\/yoast.com\/wordpress\/plugins\/seo\/ -->\n<title>HOME - Prius Abogados<\/title>\n<meta name=\"robots\" content=\"index, follow, max-snippet:-1, max-image-preview:large, max-video-preview:-1\" \/>\n<link rel=\"canonical\" href=\"https:\/\/www.priusabogados.es\/\" \/>\n<meta property=\"og:locale\" content=\"fi_FI\" \/>\n<meta property=\"og:type\" content=\"article\" \/>\n<meta property=\"og:title\" content=\"HOME - Prius Abogados\" \/>\n<meta property=\"og:url\" content=\"https:\/\/www.priusabogados.es\/\" \/>\n<meta property=\"og:site_name\" content=\"Prius Abogados\" \/>\n<meta property=\"article:publisher\" content=\"https:\/\/www.facebook.com\/profile.php?id=100057518436323\" \/>\n<meta property=\"article:modified_time\" content=\"2025-09-02T16:19:07+00:00\" \/>\n<meta name=\"twitter:card\" content=\"summary_large_image\" \/>\n<meta name=\"twitter:label1\" content=\"Arvioitu lukuaika\" \/>\n\t<meta name=\"twitter:data1\" content=\"4 minuuttia\" \/>\n<script type=\"application\/ld+json\" class=\"yoast-schema-graph\">{\"@context\":\"https:\/\/schema.org\",\"@graph\":[{\"@type\":\"WebPage\",\"@id\":\"https:\/\/www.priusabogados.es\/\",\"url\":\"https:\/\/www.priusabogados.es\/\",\"name\":\"HOME - Prius Abogados\",\"isPartOf\":{\"@id\":\"https:\/\/www.priusabogados.es\/#website\"},\"datePublished\":\"2019-11-26T09:59:43+00:00\",\"dateModified\":\"2025-09-02T16:19:07+00:00\",\"breadcrumb\":{\"@id\":\"https:\/\/www.priusabogados.es\/#breadcrumb\"},\"inLanguage\":\"fi\",\"potentialAction\":[{\"@type\":\"ReadAction\",\"target\":[\"https:\/\/www.priusabogados.es\/\"]}]},{\"@type\":\"BreadcrumbList\",\"@id\":\"https:\/\/www.priusabogados.es\/#breadcrumb\",\"itemListElement\":[{\"@type\":\"ListItem\",\"position\":1,\"name\":\"Portada\",\"item\":\"https:\/\/www.priusabogados.es\/\"},{\"@type\":\"ListItem\",\"position\":2,\"name\":\"HOME\"}]},{\"@type\":\"WebSite\",\"@id\":\"https:\/\/www.priusabogados.es\/#website\",\"url\":\"https:\/\/www.priusabogados.es\/\",\"name\":\"Prius Abogados\",\"description\":\"Abogados Fuengirola\",\"potentialAction\":[{\"@type\":\"SearchAction\",\"target\":{\"@type\":\"EntryPoint\",\"urlTemplate\":\"https:\/\/www.priusabogados.es\/?s={search_term_string}\"},\"query-input\":\"required name=search_term_string\"}],\"inLanguage\":\"fi\"}]}<\/script>\n<!-- \/ Yoast SEO plugin. -->","yoast_head_json":{"title":"HOME - Prius Abogados","robots":{"index":"index","follow":"follow","max-snippet":"max-snippet:-1","max-image-preview":"max-image-preview:large","max-video-preview":"max-video-preview:-1"},"canonical":"https:\/\/www.priusabogados.es\/","og_locale":"fi_FI","og_type":"article","og_title":"HOME - Prius Abogados","og_url":"https:\/\/www.priusabogados.es\/","og_site_name":"Prius Abogados","article_publisher":"https:\/\/www.facebook.com\/profile.php?id=100057518436323","article_modified_time":"2025-09-02T16:19:07+00:00","twitter_card":"summary_large_image","twitter_misc":{"Arvioitu lukuaika":"4 minuuttia"},"schema":{"@context":"https:\/\/schema.org","@graph":[{"@type":"WebPage","@id":"https:\/\/www.priusabogados.es\/","url":"https:\/\/www.priusabogados.es\/","name":"HOME - Prius Abogados","isPartOf":{"@id":"https:\/\/www.priusabogados.es\/#website"},"datePublished":"2019-11-26T09:59:43+00:00","dateModified":"2025-09-02T16:19:07+00:00","breadcrumb":{"@id":"https:\/\/www.priusabogados.es\/#breadcrumb"},"inLanguage":"fi","potentialAction":[{"@type":"ReadAction","target":["https:\/\/www.priusabogados.es\/"]}]},{"@type":"BreadcrumbList","@id":"https:\/\/www.priusabogados.es\/#breadcrumb","itemListElement":[{"@type":"ListItem","position":1,"name":"Portada","item":"https:\/\/www.priusabogados.es\/"},{"@type":"ListItem","position":2,"name":"HOME"}]},{"@type":"WebSite","@id":"https:\/\/www.priusabogados.es\/#website","url":"https:\/\/www.priusabogados.es\/","name":"Prius Abogados","description":"Abogados Fuengirola","potentialAction":[{"@type":"SearchAction","target":{"@type":"EntryPoint","urlTemplate":"https:\/\/www.priusabogados.es\/?s={search_term_string}"},"query-input":"required name=search_term_string"}],"inLanguage":"fi"}]}},"_links":{"self":[{"href":"https:\/\/www.priusabogados.es\/fi\/wp-json\/wp\/v2\/pages\/7756"}],"collection":[{"href":"https:\/\/www.priusabogados.es\/fi\/wp-json\/wp\/v2\/pages"}],"about":[{"href":"https:\/\/www.priusabogados.es\/fi\/wp-json\/wp\/v2\/types\/page"}],"author":[{"embeddable":true,"href":"https:\/\/www.priusabogados.es\/fi\/wp-json\/wp\/v2\/users\/1"}],"replies":[{"embeddable":true,"href":"https:\/\/www.priusabogados.es\/fi\/wp-json\/wp\/v2\/comments?post=7756"}],"version-history":[{"count":1,"href":"https:\/\/www.priusabogados.es\/fi\/wp-json\/wp\/v2\/pages\/7756\/revisions"}],"predecessor-version":[{"id":8134,"href":"https:\/\/www.priusabogados.es\/fi\/wp-json\/wp\/v2\/pages\/7756\/revisions\/8134"}],"wp:attachment":[{"href":"https:\/\/www.priusabogados.es\/fi\/wp-json\/wp\/v2\/media?parent=7756"}],"curies":[{"name":"wp","href":"https:\/\/api.w.org\/{rel}","templated":true}]}}