{"id":7665,"date":"2019-11-20T11:53:17","date_gmt":"2019-11-20T11:53:17","guid":{"rendered":"http:\/\/tandemprint.com\/prius\/?page_id=7665"},"modified":"2026-04-16T08:35:27","modified_gmt":"2026-04-16T08:35:27","slug":"about-us","status":"publish","type":"page","link":"https:\/\/www.priusabogados.es\/en\/about-us\/","title":{"rendered":"ABOUT US"},"content":{"rendered":"<section class=\"l-section wpb_row height_huge with_img parallax_hor bgwidth_110\"><div class=\"l-section-img\" style=\"background-image: url(https:\/\/www.priusabogados.es\/wp-content\/uploads\/2019\/10\/Aviso-legal.jpg);background-position: top center;\" data-img-width=\"1920\" data-img-height=\"1280\"><\/div><div class=\"l-section-h i-cf\"><div class=\"g-cols vc_row type_default valign_middle\"><div class=\"vc_col-sm-12 wpb_column vc_column_container\"><div class=\"vc_column-inner\"><div class=\"wpb_wrapper\">[vc_custom_heading text=&#8221;Prius Abogados&#8221; font_container=&#8221;tag:h2|font_size:70px|text_align:center|color:%23d7b56d&#8221; google_fonts=&#8221;font_family:Pinyon%20Script%3Aregular|font_style:400%20regular%3A400%3Anormal&#8221;]\r\n\t<div class=\"wpb_text_column \">\r\n\t\t<div class=\"wpb_wrapper\">\r\n\t\t\t<div class=\"wpb_text_column \">\n<div class=\"wpb_wrapper\">\n<h5 style=\"text-align: center;\"><span style=\"color: #ffffff;\">Law firm of international character with more than 20 years of experience<\/span><\/h5>\n<\/div>\n<\/div>\n\r\n\t\t<\/div>\r\n\t<\/div>\r\n<div class=\"w-separator size_small\"><\/div><div class=\"w-iconbox iconpos_top style_default color_custom align_center no_title no_text\"><div class=\"w-iconbox-icon\" style=\"color:#ffffff;\"><i class=\"far fa-chevron-down\"><\/i><\/div><div class=\"w-iconbox-meta\"><\/div><\/div><\/div><\/div><\/div><\/div><\/div><\/section><section class=\"l-section wpb_row height_medium color_custom\" style=\"background: #d7b56d; color: #ffffff;\"><div class=\"l-section-h i-cf\"><div class=\"g-cols vc_row type_default valign_middle\"><div class=\"vc_col-sm-3 wpb_column vc_column_container\"><div class=\"vc_column-inner\"><div class=\"wpb_wrapper\"><div class=\"w-image align_center\"><div class=\"w-image-h\"><img width=\"200\" height=\"193\" src=\"https:\/\/www.priusabogados.es\/wp-content\/uploads\/2016\/12\/logo-blanco.png\" class=\"attachment-large size-large\" alt=\"\" decoding=\"async\" loading=\"lazy\" \/><\/div><\/div><\/div><\/div><\/div><div class=\"vc_col-sm-9 wpb_column vc_column_container\"><div class=\"vc_column-inner\"><div class=\"wpb_wrapper\">\r\n\t<div class=\"wpb_text_column \">\r\n\t\t<div class=\"wpb_wrapper\">\r\n\t\t\t<p><strong>Prius Abogados<\/strong>, is a Firm of lawyers of international character, which <strong>since 1999<\/strong> has been offering comprehensive legal and fiscal advice, company law and accounting, for both individuals and companies, spaniards and foreigners, with a clear projection toward the Finnish speaking citizens, residents or not in Spain.<\/p>\n<p>We provide our services in <strong>Finnish<\/strong>, in <strong>spanish<\/strong> and in <strong>english<\/strong>, which allows us to a direct communication with the persons who require our legal services, offering an agile response and a fluent communication in their own language.<\/p>\n<p>For our Firm it is essential that each client obtain a response based on the analysis and study of all the variables that may affect their case (integral advice) as well as a continuous information of the evolution and progress that that will be taking place in the same.<\/p>\n\r\n\t\t<\/div>\r\n\t<\/div>\r\n<\/div><\/div><\/div><\/div><\/div><\/section><section class=\"l-section wpb_row height_auto\" style=\"margin-top: 35px !important;\"><div class=\"l-section-h i-cf\"><div class=\"g-cols vc_row type_default valign_bottom\"><div class=\"vc_col-sm-12 wpb_column vc_column_container\"><div class=\"vc_column-inner\"><div class=\"wpb_wrapper\">[vc_custom_heading text=&#8221;Our Team&#8221; font_container=&#8221;tag:h3|font_size:40px|text_align:center|color:%23658a95&#8243; use_theme_fonts=&#8221;yes&#8221;]<div class=\"w-image align_center animate_aft\" style=\"animation-delay:1s;\"><div class=\"w-image-h\"><img width=\"1985\" height=\"781\" src=\"https:\/\/www.priusabogados.es\/wp-content\/uploads\/2026\/04\/4921ddd3-4f75-43ea-aa08-76d2ce49d74e.jpg\" class=\"attachment-full size-full\" alt=\"\" decoding=\"async\" loading=\"lazy\" srcset=\"https:\/\/www.priusabogados.es\/wp-content\/uploads\/2026\/04\/4921ddd3-4f75-43ea-aa08-76d2ce49d74e.jpg 1985w, https:\/\/www.priusabogados.es\/wp-content\/uploads\/2026\/04\/4921ddd3-4f75-43ea-aa08-76d2ce49d74e-300x118.jpg 300w, https:\/\/www.priusabogados.es\/wp-content\/uploads\/2026\/04\/4921ddd3-4f75-43ea-aa08-76d2ce49d74e-1024x403.jpg 1024w, https:\/\/www.priusabogados.es\/wp-content\/uploads\/2026\/04\/4921ddd3-4f75-43ea-aa08-76d2ce49d74e-1536x604.jpg 1536w\" sizes=\"(max-width: 1985px) 100vw, 1985px\" \/><\/div><\/div><\/div><\/div><\/div><\/div><\/div><\/section><section class=\"l-section wpb_row height_medium with_overlay\"><div class=\"l-section-overlay\" style=\"background: #50727d\"><\/div><div class=\"l-section-h i-cf\"><div class=\"g-cols vc_row type_default valign_top\"><div class=\"vc_col-sm-12 wpb_column vc_column_container\"><div class=\"vc_column-inner\"><div class=\"wpb_wrapper\"><div class=\"g-cols wpb_row  type_default valign_middle vc_inner \"><div class=\"vc_col-sm-4 wpb_column vc_column_container\" style=\"color:#ffffff;\"><div class=\"vc_column-inner color_custom\"><div class=\"wpb_wrapper\"><div class=\"w-person layout_trendy with_desc\" itemscope itemtype=\"https:\/\/schema.org\/Person\"><div class=\"w-person-image\"><img width=\"2259\" height=\"2560\" src=\"https:\/\/www.priusabogados.es\/wp-content\/uploads\/2025\/10\/bb8032d9-ba15-47f9-8e3a-52f8bce94fe0-scaled.jpg\" class=\"attachment-full size-full\" alt=\"\" decoding=\"async\" loading=\"lazy\" srcset=\"https:\/\/www.priusabogados.es\/wp-content\/uploads\/2025\/10\/bb8032d9-ba15-47f9-8e3a-52f8bce94fe0-scaled.jpg 2259w, https:\/\/www.priusabogados.es\/wp-content\/uploads\/2025\/10\/bb8032d9-ba15-47f9-8e3a-52f8bce94fe0-265x300.jpg 265w, https:\/\/www.priusabogados.es\/wp-content\/uploads\/2025\/10\/bb8032d9-ba15-47f9-8e3a-52f8bce94fe0-903x1024.jpg 903w, https:\/\/www.priusabogados.es\/wp-content\/uploads\/2025\/10\/bb8032d9-ba15-47f9-8e3a-52f8bce94fe0-1355x1536.jpg 1355w, https:\/\/www.priusabogados.es\/wp-content\/uploads\/2025\/10\/bb8032d9-ba15-47f9-8e3a-52f8bce94fe0-1807x2048.jpg 1807w\" sizes=\"(max-width: 2259px) 100vw, 2259px\" \/><\/div><div class=\"w-person-content\"><h4 class=\"w-person-name\" itemprop=\"name\"><span>Miguel D\u00edaz Poza<\/span><\/h4><div class=\"w-person-role\" itemprop=\"jobTitle\">Lawyer and Senior Consultant<\/div><\/div><div class=\"w-person-content-alt\"><div class=\"w-person-description\" itemprop=\"description\"><p>Partner<\/p>\n<\/div><\/div><\/div><\/div><\/div><\/div><div class=\"vc_col-sm-4 wpb_column vc_column_container\" style=\"color:#ffffff;\"><div class=\"vc_column-inner color_custom\"><div class=\"wpb_wrapper\"><div class=\"w-person layout_trendy with_desc\" itemscope itemtype=\"https:\/\/schema.org\/Person\"><div class=\"w-person-image\"><img width=\"2370\" height=\"2560\" src=\"https:\/\/www.priusabogados.es\/wp-content\/uploads\/2025\/10\/c9c37a89-5914-4df7-8f3d-2ce6129113bc-scaled.jpg\" class=\"attachment-full size-full\" alt=\"\" decoding=\"async\" loading=\"lazy\" srcset=\"https:\/\/www.priusabogados.es\/wp-content\/uploads\/2025\/10\/c9c37a89-5914-4df7-8f3d-2ce6129113bc-scaled.jpg 2370w, https:\/\/www.priusabogados.es\/wp-content\/uploads\/2025\/10\/c9c37a89-5914-4df7-8f3d-2ce6129113bc-278x300.jpg 278w, https:\/\/www.priusabogados.es\/wp-content\/uploads\/2025\/10\/c9c37a89-5914-4df7-8f3d-2ce6129113bc-948x1024.jpg 948w, https:\/\/www.priusabogados.es\/wp-content\/uploads\/2025\/10\/c9c37a89-5914-4df7-8f3d-2ce6129113bc-1422x1536.jpg 1422w, https:\/\/www.priusabogados.es\/wp-content\/uploads\/2025\/10\/c9c37a89-5914-4df7-8f3d-2ce6129113bc-1896x2048.jpg 1896w\" sizes=\"(max-width: 2370px) 100vw, 2370px\" \/><\/div><div class=\"w-person-content\"><h4 class=\"w-person-name\" itemprop=\"name\"><span>Mar\u00eda Hern\u00e1ndez Prieto<\/span><\/h4><div class=\"w-person-role\" itemprop=\"jobTitle\">Lawyer<\/div><\/div><div class=\"w-person-content-alt\"><div class=\"w-person-description\" itemprop=\"description\"><p>Partner<\/p>\n<\/div><\/div><\/div><\/div><\/div><\/div><div class=\"vc_col-sm-4 wpb_column vc_column_container\" style=\"color:#ffffff;\"><div class=\"vc_column-inner color_custom\"><div class=\"wpb_wrapper\"><div class=\"w-person layout_trendy with_desc\" itemscope itemtype=\"https:\/\/schema.org\/Person\"><div class=\"w-person-image\"><img width=\"1993\" height=\"2560\" src=\"https:\/\/www.priusabogados.es\/wp-content\/uploads\/2025\/10\/Juan-Carlos-individual-scaled-e1760693404646.jpg\" class=\"attachment-full size-full\" alt=\"\" decoding=\"async\" loading=\"lazy\" \/><\/div><div class=\"w-person-content\"><h4 class=\"w-person-name\" itemprop=\"name\"><span>Juan Carlos Cuadrado Aznar<\/span><\/h4><div class=\"w-person-role\" itemprop=\"jobTitle\">Economist<\/div><\/div><div class=\"w-person-content-alt\"><div class=\"w-person-description\" itemprop=\"description\"><p>Partner<\/p>\n<\/div><\/div><\/div><\/div><\/div><\/div><\/div><div class=\"w-separator size_small\"><\/div><div class=\"g-cols wpb_row  type_default valign_top vc_inner \"><div class=\"vc_col-sm-6 wpb_column vc_column_container\" style=\"color:#ffffff;\"><div class=\"vc_column-inner color_custom\"><div class=\"wpb_wrapper\"><div class=\"w-person layout_trendy with_desc\" itemscope itemtype=\"https:\/\/schema.org\/Person\"><div class=\"w-person-image\"><img width=\"2419\" height=\"2560\" src=\"https:\/\/www.priusabogados.es\/wp-content\/uploads\/2025\/10\/468d1811-9007-4522-ba0b-87bb728f8560-scaled.jpg\" class=\"attachment-full size-full\" alt=\"\" decoding=\"async\" loading=\"lazy\" srcset=\"https:\/\/www.priusabogados.es\/wp-content\/uploads\/2025\/10\/468d1811-9007-4522-ba0b-87bb728f8560-scaled.jpg 2419w, https:\/\/www.priusabogados.es\/wp-content\/uploads\/2025\/10\/468d1811-9007-4522-ba0b-87bb728f8560-283x300.jpg 283w, https:\/\/www.priusabogados.es\/wp-content\/uploads\/2025\/10\/468d1811-9007-4522-ba0b-87bb728f8560-968x1024.jpg 968w, https:\/\/www.priusabogados.es\/wp-content\/uploads\/2025\/10\/468d1811-9007-4522-ba0b-87bb728f8560-1451x1536.jpg 1451w, https:\/\/www.priusabogados.es\/wp-content\/uploads\/2025\/10\/468d1811-9007-4522-ba0b-87bb728f8560-1935x2048.jpg 1935w\" sizes=\"(max-width: 2419px) 100vw, 2419px\" \/><\/div><div class=\"w-person-content\"><h4 class=\"w-person-name\" itemprop=\"name\"><span>\u00d3scar P\u00e9rez N\u00fa\u00f1ez<\/span><\/h4><div class=\"w-person-role\" itemprop=\"jobTitle\">Lawyer and specialist in courts<\/div><\/div><div class=\"w-person-content-alt\"><div class=\"w-person-description\" itemprop=\"description\"><p>Associate<\/p>\n<\/div><\/div><\/div><\/div><\/div><\/div><div class=\"vc_col-sm-6 wpb_column vc_column_container\"><div class=\"vc_column-inner\"><div class=\"wpb_wrapper\"><div class=\"w-person layout_trendy with_desc\" itemscope itemtype=\"https:\/\/schema.org\/Person\"><div class=\"w-person-image\"><img width=\"2379\" height=\"2560\" src=\"https:\/\/www.priusabogados.es\/wp-content\/uploads\/2025\/10\/5bf573fc-731b-47a9-8b35-0fb12a78f25c-scaled.jpg\" class=\"attachment-full size-full\" alt=\"\" decoding=\"async\" loading=\"lazy\" srcset=\"https:\/\/www.priusabogados.es\/wp-content\/uploads\/2025\/10\/5bf573fc-731b-47a9-8b35-0fb12a78f25c-scaled.jpg 2379w, https:\/\/www.priusabogados.es\/wp-content\/uploads\/2025\/10\/5bf573fc-731b-47a9-8b35-0fb12a78f25c-279x300.jpg 279w, https:\/\/www.priusabogados.es\/wp-content\/uploads\/2025\/10\/5bf573fc-731b-47a9-8b35-0fb12a78f25c-952x1024.jpg 952w, https:\/\/www.priusabogados.es\/wp-content\/uploads\/2025\/10\/5bf573fc-731b-47a9-8b35-0fb12a78f25c-1427x1536.jpg 1427w, https:\/\/www.priusabogados.es\/wp-content\/uploads\/2025\/10\/5bf573fc-731b-47a9-8b35-0fb12a78f25c-1903x2048.jpg 1903w\" sizes=\"(max-width: 2379px) 100vw, 2379px\" \/><\/div><div class=\"w-person-content\"><h4 class=\"w-person-name\" itemprop=\"name\"><span>Sole Nordman<\/span><\/h4><div class=\"w-person-role\" itemprop=\"jobTitle\">Head of Administration<\/div><\/div><div class=\"w-person-content-alt\"><div class=\"w-person-description\" itemprop=\"description\"><p>Multilingual support<\/p>\n<\/div><\/div><\/div><\/div><\/div><\/div><\/div><div class=\"w-separator size_small\"><\/div><div class=\"g-cols wpb_row  type_default valign_top vc_inner \"><div class=\"vc_col-sm-4 wpb_column vc_column_container\" style=\"color:#ffffff;\"><div class=\"vc_column-inner color_custom\"><div class=\"wpb_wrapper\"><div class=\"w-person layout_trendy with_desc\" itemscope itemtype=\"https:\/\/schema.org\/Person\"><div class=\"w-person-image\"><img width=\"2252\" height=\"2560\" src=\"https:\/\/www.priusabogados.es\/wp-content\/uploads\/2025\/10\/7b6f6a1c-675d-4260-9090-1a2427782807-scaled-e1760693910362.jpg\" class=\"attachment-full size-full\" alt=\"\" decoding=\"async\" loading=\"lazy\" \/><\/div><div class=\"w-person-content\"><h4 class=\"w-person-name\" itemprop=\"name\"><span>Laura Ort\u00edz<\/span><\/h4><div class=\"w-person-role\" itemprop=\"jobTitle\">Accounting<\/div><\/div><div class=\"w-person-content-alt\"><div class=\"w-person-description\" itemprop=\"description\"><p>Administrative and accounting assistant<\/p>\n<\/div><\/div><\/div><\/div><\/div><\/div><div class=\"vc_col-sm-4 wpb_column vc_column_container\" style=\"color:#ffffff;\"><div class=\"vc_column-inner color_custom\"><div class=\"wpb_wrapper\"><div class=\"w-person layout_trendy with_desc\" itemscope itemtype=\"https:\/\/schema.org\/Person\"><div class=\"w-person-image\"><img width=\"1707\" height=\"2560\" src=\"https:\/\/www.priusabogados.es\/wp-content\/uploads\/2025\/10\/20738ea1-404f-4c00-ba00-7d36791dbe81-scaled-e1760693134670.jpg\" class=\"attachment-full size-full\" alt=\"\" decoding=\"async\" loading=\"lazy\" \/><\/div><div class=\"w-person-content\"><h4 class=\"w-person-name\" itemprop=\"name\"><span>Lourdes S\u00e1nchez Medina<\/span><\/h4><div class=\"w-person-role\" itemprop=\"jobTitle\">Accounting<\/div><\/div><div class=\"w-person-content-alt\"><div class=\"w-person-description\" itemprop=\"description\"><p>Head of Accounting<\/p>\n<\/div><\/div><\/div><\/div><\/div><\/div><div class=\"vc_col-sm-4 wpb_column vc_column_container\" style=\"color:#ffffff;\"><div class=\"vc_column-inner color_custom\"><div class=\"wpb_wrapper\"><div class=\"w-person layout_trendy with_desc\" itemscope itemtype=\"https:\/\/schema.org\/Person\"><div class=\"w-person-image\"><img width=\"2332\" height=\"2560\" src=\"https:\/\/www.priusabogados.es\/wp-content\/uploads\/2025\/10\/8f4e6c33-1047-4a2e-9219-5c088626c884-scaled.jpg\" class=\"attachment-full size-full\" alt=\"\" decoding=\"async\" loading=\"lazy\" srcset=\"https:\/\/www.priusabogados.es\/wp-content\/uploads\/2025\/10\/8f4e6c33-1047-4a2e-9219-5c088626c884-scaled.jpg 2332w, https:\/\/www.priusabogados.es\/wp-content\/uploads\/2025\/10\/8f4e6c33-1047-4a2e-9219-5c088626c884-273x300.jpg 273w, https:\/\/www.priusabogados.es\/wp-content\/uploads\/2025\/10\/8f4e6c33-1047-4a2e-9219-5c088626c884-933x1024.jpg 933w, https:\/\/www.priusabogados.es\/wp-content\/uploads\/2025\/10\/8f4e6c33-1047-4a2e-9219-5c088626c884-1399x1536.jpg 1399w, https:\/\/www.priusabogados.es\/wp-content\/uploads\/2025\/10\/8f4e6c33-1047-4a2e-9219-5c088626c884-1866x2048.jpg 1866w\" sizes=\"(max-width: 2332px) 100vw, 2332px\" \/><\/div><div class=\"w-person-content\"><h4 class=\"w-person-name\" itemprop=\"name\"><span>Carla Rajala<\/span><\/h4><div class=\"w-person-role\" itemprop=\"jobTitle\">Community Manager<\/div><\/div><div class=\"w-person-content-alt\"><div class=\"w-person-description\" itemprop=\"description\"><p>Multilingual support<\/p>\n<\/div><\/div><\/div><\/div><\/div><\/div><\/div><\/div><\/div><\/div><\/div><\/div><\/section><section class=\"l-section wpb_row height_auto width_full color_custom\" id=\"custom\" style=\" color: #658a95;\"><div class=\"l-section-h i-cf\"><div class=\"g-cols vc_row type_boxes valign_middle\"><div class=\"vc_col-sm-6 wpb_column vc_column_container has-fill\"><div class=\"vc_column-inner  vc_custom_1571849661274\"><div class=\"wpb_wrapper\"><div class=\"w-separator size_custom\" style=\"height:200px;\"><\/div><\/div><\/div><\/div><div class=\"vc_col-sm-6 wpb_column vc_column_container\"><div class=\"vc_column-inner\"><div class=\"wpb_wrapper\"><div class=\"w-iconbox iconpos_top style_default color_primary align_left icontype_img\"><div class=\"w-iconbox-icon\" style=\"font-size:45px;\"><img width=\"142\" height=\"190\" src=\"https:\/\/www.priusabogados.es\/wp-content\/uploads\/2019\/10\/Experiencia.png\" class=\"attachment-full size-full\" alt=\"\" decoding=\"async\" loading=\"lazy\" \/><\/div><div class=\"w-iconbox-meta\"><h4 class=\"w-iconbox-title\">Professionalism<\/h4><div class=\"w-iconbox-text\"><p><strong>Identification of the needs of their own and differentiated of the client<\/strong>, to offer a professional service directed toward obtaining efficient solutions.<\/p>\n<\/div><\/div><\/div><\/div><\/div><\/div><\/div><\/div><\/section><section class=\"l-section wpb_row height_auto width_full color_custom\" style=\" color: #658a95;\"><div class=\"l-section-h i-cf\"><div class=\"g-cols vc_row type_boxes valign_middle\"><div class=\"vc_col-sm-6 wpb_column vc_column_container has-fill\"><div class=\"vc_column-inner  vc_custom_1571848774458\"><div class=\"wpb_wrapper\"><div class=\"w-iconbox iconpos_top style_default color_primary align_left icontype_img\"><div class=\"w-iconbox-icon\" style=\"font-size:70px;\"><img width=\"197\" height=\"175\" src=\"https:\/\/www.priusabogados.es\/wp-content\/uploads\/2019\/10\/profesionalidad.png\" class=\"attachment-full size-full\" alt=\"\" decoding=\"async\" loading=\"lazy\" \/><\/div><div class=\"w-iconbox-meta\"><h4 class=\"w-iconbox-title\">Budget<\/h4><div class=\"w-iconbox-text\"><p><strong>Elaboration of a previous budget in the language of each client<\/strong> and adapted to their case and specific circumstances.<\/p>\n<div id=\"gtx-trans\" style=\"position: absolute; left: -53px; top: 35px;\">\n<div class=\"gtx-trans-icon\"><\/div>\n<\/div>\n<\/div><\/div><\/div><\/div><\/div><\/div><div class=\"vc_col-sm-6 wpb_column vc_column_container has-fill\"><div class=\"vc_column-inner  vc_custom_1571849680002\"><div class=\"wpb_wrapper\"><div class=\"w-separator size_custom\" style=\"height:200px;\"><\/div><\/div><\/div><\/div><\/div><\/div><\/section><section class=\"l-section wpb_row height_auto width_full color_custom\" style=\" color: #658a95;\"><div class=\"l-section-h i-cf\"><div class=\"g-cols vc_row type_boxes valign_middle\"><div class=\"vc_col-sm-6 wpb_column vc_column_container has-fill\"><div class=\"vc_column-inner  vc_custom_1571849695779\"><div class=\"wpb_wrapper\"><div class=\"w-separator size_custom\" style=\"height:200px;\"><\/div><\/div><\/div><\/div><div class=\"vc_col-sm-6 wpb_column vc_column_container has-fill\" style=\"color:#ffffff;\"><div class=\"vc_column-inner  vc_custom_1571848938083 color_custom\"><div class=\"wpb_wrapper\"><div class=\"w-iconbox iconpos_top style_default color_primary align_left icontype_img\"><div class=\"w-iconbox-icon\" style=\"font-size:65px;\"><img width=\"193\" height=\"201\" src=\"https:\/\/www.priusabogados.es\/wp-content\/uploads\/2019\/10\/Atenci\u00f3n-1.png\" class=\"attachment-full size-full\" alt=\"\" decoding=\"async\" loading=\"lazy\" \/><\/div><div class=\"w-iconbox-meta\"><h4 class=\"w-iconbox-title\">Attention<\/h4><div class=\"w-iconbox-text\"><p><strong>Excellence and proximity of treatment with the client<\/strong>, through a fluent communication and an inmediate availability to resolve any doubt.<\/p>\n<\/div><\/div><\/div><\/div><\/div><\/div><\/div><\/div><\/section><section class=\"l-section wpb_row height_small with_overlay\"><div class=\"l-section-overlay\" style=\"background: #d7b56d\"><\/div><div class=\"l-section-h i-cf\"><div class=\"g-cols vc_row type_default valign_middle\"><div class=\"vc_col-sm-8 wpb_column vc_column_container\"><div class=\"vc_column-inner\"><div class=\"wpb_wrapper\">[vc_custom_heading text=&#8221;Request a quote whithout commitment&#8221; font_container=&#8221;tag:h4|text_align:center|color:%23ffffff&#8221; google_fonts=&#8221;font_family:Roboto%20Slab%3A100%2C300%2Cregular%2C700|font_style:400%20regular%3A400%3Anormal&#8221;]<\/div><\/div><\/div><div class=\"vc_col-sm-4 wpb_column vc_column_container\"><div class=\"vc_column-inner\"><div class=\"wpb_wrapper\"><div class=\"w-btn-wrapper width_auto align_center\"><a class=\"w-btn us-btn-style_26 icon_atleft\" href=\"http:\/\/tandemprint.com\/prius\/en\/contact\/\" title=\"SERVICIOS\"><i class=\"far fa-angle-right\"><\/i><span class=\"w-btn-label\">Request<\/span><\/a><\/div><\/div><\/div><\/div><\/div><\/div><\/section>\n","protected":false},"excerpt":{"rendered":"[vc_custom_heading text=\"Prius Abogados\" font_container=\"tag:h2|font_size:70px|text_align:center|color:%23d7b56d\" google_fonts=\"font_family:Pinyon%20Script%3Aregular|font_style:400%20regular%3A400%3Anormal\"] Law firm of international character with more than 20 years of experience Prius Abogados, is a Firm of lawyers of international character, which since 1999 has been offering comprehensive legal and fiscal advice, company law and accounting, for both individuals and companies, spaniards and foreigners, with a clear projection toward...","protected":false},"author":1,"featured_media":0,"parent":0,"menu_order":2,"comment_status":"closed","ping_status":"closed","template":"","meta":{"footnotes":""},"acf":[],"yoast_head":"<!-- This site is optimized with the Yoast SEO plugin v21.2 - https:\/\/yoast.com\/wordpress\/plugins\/seo\/ -->\n<title>ABOUT US - Prius Abogados<\/title>\n<meta name=\"robots\" content=\"index, follow, max-snippet:-1, max-image-preview:large, max-video-preview:-1\" \/>\n<link rel=\"canonical\" href=\"https:\/\/www.priusabogados.es\/en\/about-us\/\" \/>\n<meta property=\"og:locale\" content=\"en_US\" \/>\n<meta property=\"og:type\" content=\"article\" \/>\n<meta property=\"og:title\" content=\"ABOUT US - Prius Abogados\" \/>\n<meta property=\"og:url\" content=\"https:\/\/www.priusabogados.es\/en\/about-us\/\" \/>\n<meta property=\"og:site_name\" content=\"Prius Abogados\" \/>\n<meta property=\"article:publisher\" content=\"https:\/\/www.facebook.com\/profile.php?id=100057518436323\" \/>\n<meta property=\"article:modified_time\" content=\"2026-04-16T08:35:27+00:00\" \/>\n<meta name=\"twitter:card\" content=\"summary_large_image\" \/>\n<meta name=\"twitter:label1\" content=\"Est. reading time\" \/>\n\t<meta name=\"twitter:data1\" content=\"2 minutes\" \/>\n<script type=\"application\/ld+json\" class=\"yoast-schema-graph\">{\"@context\":\"https:\/\/schema.org\",\"@graph\":[{\"@type\":\"WebPage\",\"@id\":\"https:\/\/www.priusabogados.es\/en\/about-us\/\",\"url\":\"https:\/\/www.priusabogados.es\/en\/about-us\/\",\"name\":\"ABOUT US - Prius Abogados\",\"isPartOf\":{\"@id\":\"https:\/\/www.priusabogados.es\/#website\"},\"datePublished\":\"2019-11-20T11:53:17+00:00\",\"dateModified\":\"2026-04-16T08:35:27+00:00\",\"breadcrumb\":{\"@id\":\"https:\/\/www.priusabogados.es\/en\/about-us\/#breadcrumb\"},\"inLanguage\":\"en-US\",\"potentialAction\":[{\"@type\":\"ReadAction\",\"target\":[\"https:\/\/www.priusabogados.es\/en\/about-us\/\"]}]},{\"@type\":\"BreadcrumbList\",\"@id\":\"https:\/\/www.priusabogados.es\/en\/about-us\/#breadcrumb\",\"itemListElement\":[{\"@type\":\"ListItem\",\"position\":1,\"name\":\"Portada\",\"item\":\"https:\/\/www.priusabogados.es\/\"},{\"@type\":\"ListItem\",\"position\":2,\"name\":\"ABOUT US\"}]},{\"@type\":\"WebSite\",\"@id\":\"https:\/\/www.priusabogados.es\/#website\",\"url\":\"https:\/\/www.priusabogados.es\/\",\"name\":\"Prius Abogados\",\"description\":\"Abogados Fuengirola\",\"potentialAction\":[{\"@type\":\"SearchAction\",\"target\":{\"@type\":\"EntryPoint\",\"urlTemplate\":\"https:\/\/www.priusabogados.es\/?s={search_term_string}\"},\"query-input\":\"required name=search_term_string\"}],\"inLanguage\":\"en-US\"}]}<\/script>\n<!-- \/ Yoast SEO plugin. -->","yoast_head_json":{"title":"ABOUT US - Prius Abogados","robots":{"index":"index","follow":"follow","max-snippet":"max-snippet:-1","max-image-preview":"max-image-preview:large","max-video-preview":"max-video-preview:-1"},"canonical":"https:\/\/www.priusabogados.es\/en\/about-us\/","og_locale":"en_US","og_type":"article","og_title":"ABOUT US - Prius Abogados","og_url":"https:\/\/www.priusabogados.es\/en\/about-us\/","og_site_name":"Prius Abogados","article_publisher":"https:\/\/www.facebook.com\/profile.php?id=100057518436323","article_modified_time":"2026-04-16T08:35:27+00:00","twitter_card":"summary_large_image","twitter_misc":{"Est. reading time":"2 minutes"},"schema":{"@context":"https:\/\/schema.org","@graph":[{"@type":"WebPage","@id":"https:\/\/www.priusabogados.es\/en\/about-us\/","url":"https:\/\/www.priusabogados.es\/en\/about-us\/","name":"ABOUT US - Prius Abogados","isPartOf":{"@id":"https:\/\/www.priusabogados.es\/#website"},"datePublished":"2019-11-20T11:53:17+00:00","dateModified":"2026-04-16T08:35:27+00:00","breadcrumb":{"@id":"https:\/\/www.priusabogados.es\/en\/about-us\/#breadcrumb"},"inLanguage":"en-US","potentialAction":[{"@type":"ReadAction","target":["https:\/\/www.priusabogados.es\/en\/about-us\/"]}]},{"@type":"BreadcrumbList","@id":"https:\/\/www.priusabogados.es\/en\/about-us\/#breadcrumb","itemListElement":[{"@type":"ListItem","position":1,"name":"Portada","item":"https:\/\/www.priusabogados.es\/"},{"@type":"ListItem","position":2,"name":"ABOUT US"}]},{"@type":"WebSite","@id":"https:\/\/www.priusabogados.es\/#website","url":"https:\/\/www.priusabogados.es\/","name":"Prius Abogados","description":"Abogados Fuengirola","potentialAction":[{"@type":"SearchAction","target":{"@type":"EntryPoint","urlTemplate":"https:\/\/www.priusabogados.es\/?s={search_term_string}"},"query-input":"required name=search_term_string"}],"inLanguage":"en-US"}]}},"_links":{"self":[{"href":"https:\/\/www.priusabogados.es\/en\/wp-json\/wp\/v2\/pages\/7665"}],"collection":[{"href":"https:\/\/www.priusabogados.es\/en\/wp-json\/wp\/v2\/pages"}],"about":[{"href":"https:\/\/www.priusabogados.es\/en\/wp-json\/wp\/v2\/types\/page"}],"author":[{"embeddable":true,"href":"https:\/\/www.priusabogados.es\/en\/wp-json\/wp\/v2\/users\/1"}],"replies":[{"embeddable":true,"href":"https:\/\/www.priusabogados.es\/en\/wp-json\/wp\/v2\/comments?post=7665"}],"version-history":[{"count":7,"href":"https:\/\/www.priusabogados.es\/en\/wp-json\/wp\/v2\/pages\/7665\/revisions"}],"predecessor-version":[{"id":8347,"href":"https:\/\/www.priusabogados.es\/en\/wp-json\/wp\/v2\/pages\/7665\/revisions\/8347"}],"wp:attachment":[{"href":"https:\/\/www.priusabogados.es\/en\/wp-json\/wp\/v2\/media?parent=7665"}],"curies":[{"name":"wp","href":"https:\/\/api.w.org\/{rel}","templated":true}]}}